{"id":999,"date":"2023-11-15T10:40:32","date_gmt":"2023-11-15T10:40:32","guid":{"rendered":"https:\/\/vlade.ro\/?post_type=product&#038;p=999"},"modified":"2024-03-27T06:45:51","modified_gmt":"2024-03-27T06:45:51","slug":"salam-de-casa","status":"publish","type":"product","link":"https:\/\/vlade.ro\/en\/product\/salam-de-casa\/","title":{"rendered":"Salam de cas\u0103"},"content":{"rendered":"<p>Salamul de Cas\u0103 aduce cu sine arome autentice \u0219i o tradi\u021bie me\u0219te\u0219ugit\u0103 de genera\u021bii. Descoper\u0103 autenticitatea \u00een fiecare felie, adus\u0103 direct de la noi la tine.<\/p>\n<p><strong>Caracteristici Remarcabile:<\/strong><\/p>\n<ul>\n<li><strong>Gust Inconfundabil:<\/strong> Salamul de cas\u0103, arome autentice, rezultatul aten\u021biei la detalii \u00een procesul de preg\u0103tire \u0219i condimentare.<\/li>\n<li><strong>Textur\u0103 Fin\u0103 \u0219i Savorat\u0103:<\/strong> Cu o textur\u0103 fin\u0103 \u0219i savorat\u0103, fiecare felie de salam de cas\u0103 te \u00eembie la o c\u0103l\u0103torie gustativ\u0103 \u00een universul gusturilor autentice rom\u00e2ne\u0219ti.<\/li>\n<li><strong>Ingrediente de Calitate:<\/strong> Select\u0103m cu grij\u0103 cele mai bune ingrediente pentru a crea un salam de cas\u0103 de excep\u021bie, respect\u00e2nd tradi\u021bia \u0219i aduc\u00e2nd calitatea \u00een prim plan.<\/li>\n<\/ul>\n<p><strong>Sugestii de Gustare:<\/strong><\/p>\n<ul>\n<li><strong>Aperitiv Eclatant:<\/strong> Servit pe un platou al\u0103turi de br\u00e2nzeturi locale, nuci \u0219i fructe proaspete, salamul de cas\u0103 feliat devine vedeta aperitivelor cu adev\u0103rat speciale.<\/li>\n<li><strong>Sandwich-ul Perfect:<\/strong> Adaug\u0103 felii sub\u021biri de salam de cas\u0103 \u00een sandwich-urile tale preferate pentru un plus de savoare \u0219i autenticitate.<\/li>\n<li><strong>Ingrediente \u00een Re\u021bete Culinate:<\/strong> Fie c\u0103 \u00eel adaugi \u00eentr-un risotto, o pizza sau o pl\u0103cint\u0103, salamul de cas\u0103 feliat aduce o not\u0103 de autenticitate \u00een fiecare re\u021bet\u0103.<\/li>\n<\/ul>","protected":false},"excerpt":{"rendered":"<p><strong>Ingrediente de Calitate:<\/strong> Select\u0103m cu grij\u0103 cele mai bune ingrediente pentru a crea un salam de cas\u0103 de excep\u021bie, respect\u00e2nd tradi\u021bia \u0219i aduc\u00e2nd calitatea \u00een prim plan.<\/p>\n<p><strong>Ingrediente<\/strong>: carne porc,carne vita, slanina,piper,usturoi,sare amestec,<\/p>\n<p><strong>Declaratie nutritionala<\/strong> pentru 100 gr.produs<\/p>\n<p><strong>Valoare energetica<\/strong> 326 kal, 1385 kj ,grasimi 30 gr ,<\/p>\n<p>din\u00a0care\u00a0\u00a0acizi\u00a0grasi\u00a0sat.14\u00a0gr,\u00a0glucide\u00a00\u00a0gr,proteine\u00a016\u00a0gr,sare\u00a02\u00a0gr<\/p>","protected":false},"featured_media":1000,"comment_status":"open","ping_status":"closed","template":"","meta":[],"product_cat":[30],"product_tag":[],"class_list":["post-999","product","type-product","status-publish","has-post-thumbnail","hentry","product_cat-salam"],"jetpack_sharing_enabled":true,"_links":{"self":[{"href":"https:\/\/vlade.ro\/en\/wp-json\/wp\/v2\/product\/999","targetHints":{"allow":["GET"]}}],"collection":[{"href":"https:\/\/vlade.ro\/en\/wp-json\/wp\/v2\/product"}],"about":[{"href":"https:\/\/vlade.ro\/en\/wp-json\/wp\/v2\/types\/product"}],"replies":[{"embeddable":true,"href":"https:\/\/vlade.ro\/en\/wp-json\/wp\/v2\/comments?post=999"}],"wp:featuredmedia":[{"embeddable":true,"href":"https:\/\/vlade.ro\/en\/wp-json\/wp\/v2\/media\/1000"}],"wp:attachment":[{"href":"https:\/\/vlade.ro\/en\/wp-json\/wp\/v2\/media?parent=999"}],"wp:term":[{"taxonomy":"product_cat","embeddable":true,"href":"https:\/\/vlade.ro\/en\/wp-json\/wp\/v2\/product_cat?post=999"},{"taxonomy":"product_tag","embeddable":true,"href":"https:\/\/vlade.ro\/en\/wp-json\/wp\/v2\/product_tag?post=999"}],"curies":[{"name":"wp","href":"https:\/\/api.w.org\/{rel}","templated":true}]}}