{"id":995,"date":"2023-11-15T10:34:51","date_gmt":"2023-11-15T10:34:51","guid":{"rendered":"https:\/\/vlade.ro\/?post_type=product&#038;p=995"},"modified":"2024-03-27T06:52:41","modified_gmt":"2024-03-27T06:52:41","slug":"jumari","status":"publish","type":"product","link":"https:\/\/vlade.ro\/en\/product\/jumari\/","title":{"rendered":"Jum\u0103ri porc"},"content":{"rendered":"<p>\u00cen spatele fiec\u0103rui produs tradi\u021bional rom\u00e2nesc st\u0103 o poveste bogat\u0103 de me\u0219te\u0219ug \u0219i gust autentic, iar jum\u0103rile nu fac excep\u021bie. La noi, aceast\u0103 delicates\u0103 reprezint\u0103 o incursiune \u00een tradi\u021bia rom\u00e2neasc\u0103, o c\u0103l\u0103torie de savoare \u0219i texturi care \u00ee\u021bi aminte\u0219te de aromele autentice.<\/p>\n<p><strong>Caracteristici Remarcabile:<\/strong><\/p>\n<ul>\n<li><strong>Crocan\u021b\u0103 Autentic\u0103:<\/strong> Jum\u0103rii noastre sunt preg\u0103tite s\u0103-\u021bi ofere o crocan\u021b\u0103 autentic\u0103, o textur\u0103 care se desf\u0103\u0219oar\u0103 sub din\u021bii t\u0103i cu fiecare mu\u0219c\u0103tur\u0103.<\/li>\n<li><strong>Savoare Condimentat\u0103:<\/strong> Gustul inconfundabil al jum\u0103rilor provine din condimentele alese cu grij\u0103, care adaug\u0103 profunzime \u0219i autenticitate fiec\u0103rei buc\u0103\u021bi.<\/li>\n<li><strong>Proces de Preg\u0103tire Tradi\u021bional:<\/strong> Fiecare por\u021biune de jum\u0103ri reflect\u0103 tradi\u021bia nostr\u0103 culinar\u0103, fiind preg\u0103tit\u0103 cu aten\u021bie \u0219i respect pentru metodele tradi\u021bionale de preparare.<\/li>\n<\/ul>\n<p><strong>Sugestii de Servire:<\/strong><\/p>\n<ul>\n<li><strong>Aperitiv cu Personalitate:<\/strong> Jum\u0103rii sunt perfecte pentru a fi savurate ca aperitiv, al\u0103turi de br\u00e2nzeturi locale \u0219i o m\u00e2n\u0103 de nuci proaspete.<\/li>\n<li><strong>Gustare Rapid\u0103 \u0219i Autentic\u0103:<\/strong> O gustare rapid\u0103, jum\u0103rii sunt o op\u021biune ideal\u0103 pentru momentele c\u00e2nd sim\u021bi nevoia de o savoare autentic\u0103 \u0219i satisf\u0103c\u0103toare.<\/li>\n<\/ul>","protected":false},"excerpt":{"rendered":"<p>\u00cen spatele fiec\u0103rui produs tradi\u021bional rom\u00e2nesc st\u0103 o poveste bogat\u0103 de me\u0219te\u0219ug \u0219i gust autentic, iar jum\u0103rile nu fac excep\u021bie. La noi, aceast\u0103 delicates\u0103 reprezint\u0103 o incursiune \u00een tradi\u021bia rom\u00e2neasc\u0103, o c\u0103l\u0103torie de savoare \u0219i texturi care \u00ee\u021bi aminte\u0219te de aromele autentice.<\/p>\n<p><strong>Ingrediente<\/strong>: slanina, sare<\/p>\n<p><strong>Declaratie nutritionala<\/strong> pentru 100 gr.produs valoare energetica 494 kal, 2099 kj ,grasimi 50 gr ,<\/p>\n<p>din\u00a0care\u00a0\u00a0acizi\u00a0grasi\u00a0sat.26\u00a0gr,\u00a0glucide\u00a00\u00a0gr,proteine\u00a011\u00a0gr,sare\u00a00,5\u00a0gr<\/p>","protected":false},"featured_media":996,"comment_status":"open","ping_status":"closed","template":"","meta":[],"product_cat":[29],"product_tag":[],"class_list":["post-995","product","type-product","status-publish","has-post-thumbnail","hentry","product_cat-traditional"],"jetpack_sharing_enabled":true,"_links":{"self":[{"href":"https:\/\/vlade.ro\/en\/wp-json\/wp\/v2\/product\/995","targetHints":{"allow":["GET"]}}],"collection":[{"href":"https:\/\/vlade.ro\/en\/wp-json\/wp\/v2\/product"}],"about":[{"href":"https:\/\/vlade.ro\/en\/wp-json\/wp\/v2\/types\/product"}],"replies":[{"embeddable":true,"href":"https:\/\/vlade.ro\/en\/wp-json\/wp\/v2\/comments?post=995"}],"wp:featuredmedia":[{"embeddable":true,"href":"https:\/\/vlade.ro\/en\/wp-json\/wp\/v2\/media\/996"}],"wp:attachment":[{"href":"https:\/\/vlade.ro\/en\/wp-json\/wp\/v2\/media?parent=995"}],"wp:term":[{"taxonomy":"product_cat","embeddable":true,"href":"https:\/\/vlade.ro\/en\/wp-json\/wp\/v2\/product_cat?post=995"},{"taxonomy":"product_tag","embeddable":true,"href":"https:\/\/vlade.ro\/en\/wp-json\/wp\/v2\/product_tag?post=995"}],"curies":[{"name":"wp","href":"https:\/\/api.w.org\/{rel}","templated":true}]}}