{"id":1145,"date":"2023-11-20T19:41:37","date_gmt":"2023-11-20T19:41:37","guid":{"rendered":"https:\/\/vlade.ro\/?post_type=product&#038;p=1145"},"modified":"2024-03-27T08:56:24","modified_gmt":"2024-03-27T08:56:24","slug":"salam-de-vara-feliat","status":"publish","type":"product","link":"https:\/\/vlade.ro\/en\/product\/salam-de-vara-feliat\/","title":{"rendered":"Salam de var\u0103, feliat"},"content":{"rendered":"<p>Prin Salamul de var\u0103, feliat, se p\u0103streaz\u0103 \u0219i se transmite tradi\u021bia culinar\u0103 rom\u00e2neasc\u0103, oferind o experien\u021b\u0103 gustativ\u0103 memorabil\u0103 \u0219i r\u0103sp\u00e2ndind bucuria gustului autentic \u00een fiecare bucat\u0103 savurat\u0103.<\/p>","protected":false},"excerpt":{"rendered":"<p>Salamul de var\u0103 este un simbol al me\u0219te\u0219ugului culinar \u0219i al pasiunii pentru ingrediente de calitate.<\/p>\n<p><strong>Ingrediente:<\/strong> pulpa porc, pulpa vita, slanina, piper,usturoi,sare amestec,<\/p>\n<p><strong>Declaratie nutritionala<\/strong> pentru 100 gr.produs<\/p>\n<p><strong>Valoare energetica<\/strong> 289 kal, 1228 kj ,grasimi 25 gr, din care\u00a0 acizi grasi sat.13 gr, glucide 0 gr,proteine 16 gr,sare 2 gr<\/p>","protected":false},"featured_media":1144,"comment_status":"open","ping_status":"closed","template":"","meta":[],"product_cat":[30],"product_tag":[],"class_list":["post-1145","product","type-product","status-publish","has-post-thumbnail","hentry","product_cat-salam"],"jetpack_sharing_enabled":true,"_links":{"self":[{"href":"https:\/\/vlade.ro\/en\/wp-json\/wp\/v2\/product\/1145","targetHints":{"allow":["GET"]}}],"collection":[{"href":"https:\/\/vlade.ro\/en\/wp-json\/wp\/v2\/product"}],"about":[{"href":"https:\/\/vlade.ro\/en\/wp-json\/wp\/v2\/types\/product"}],"replies":[{"embeddable":true,"href":"https:\/\/vlade.ro\/en\/wp-json\/wp\/v2\/comments?post=1145"}],"wp:featuredmedia":[{"embeddable":true,"href":"https:\/\/vlade.ro\/en\/wp-json\/wp\/v2\/media\/1144"}],"wp:attachment":[{"href":"https:\/\/vlade.ro\/en\/wp-json\/wp\/v2\/media?parent=1145"}],"wp:term":[{"taxonomy":"product_cat","embeddable":true,"href":"https:\/\/vlade.ro\/en\/wp-json\/wp\/v2\/product_cat?post=1145"},{"taxonomy":"product_tag","embeddable":true,"href":"https:\/\/vlade.ro\/en\/wp-json\/wp\/v2\/product_tag?post=1145"}],"curies":[{"name":"wp","href":"https:\/\/api.w.org\/{rel}","templated":true}]}}