{"id":1139,"date":"2023-11-20T19:30:51","date_gmt":"2023-11-20T19:30:51","guid":{"rendered":"https:\/\/vlade.ro\/?post_type=product&#038;p=1139"},"modified":"2024-12-08T17:55:39","modified_gmt":"2024-12-08T17:55:39","slug":"virsli-vita","status":"publish","type":"product","link":"https:\/\/vlade.ro\/en\/product\/virsli-vita\/","title":{"rendered":"Vir\u0219li vit\u0103"},"content":{"rendered":"<p>Vir\u0219lii de vit\u0103 reprezint\u0103 o variant\u0103 distinctiv\u0103 a acestei specialit\u0103\u021bi tradi\u021bionale, oferind o alternativ\u0103 cu specificul gustului de vit\u0103 \u00een locul celui de porc.<\/p>\n<p>Virslii de vit\u0103 pot fi savura\u021bi simpli, cu diverse sosuri sau ca parte a altor preparate culinare, aduc\u00e2nd \u00een prim-plan gusturile autentice ale c\u0103rnii de vit\u0103 \u00eentr-un mod tradi\u021bional rom\u00e2nesc. Cu r\u0103d\u0103cini ad\u00e2nci \u00een tradi\u021biile buc\u0103t\u0103riei rom\u00e2ne\u0219ti, virslili de vit\u0103 continu\u0103 s\u0103 fie o op\u021biune apreciat\u0103, aduc\u00e2nd \u00een bucatele noastre gusturile autentice \u0219i bogate ale gastronomiei locale.<\/p>","protected":false},"excerpt":{"rendered":"<p>Vir\u0219li sunt remarcabili pentru savoarea lor bogat\u0103, textura suculent\u0103 \u0219i gustul autentic, eviden\u021biind me\u0219te\u0219ugul culinar specific buc\u0103t\u0103riei rom\u00e2ne\u0219ti.<\/p>\n<p><strong>Ingrediente:<\/strong> carne vita , slanina,boia ,piper , usturoi,sare amestec,boia iute<\/p>\n<p><strong>Declaratie nutritionala<\/strong> pentru 100 gr.produs<\/p>\n<p><strong>Valoare energetica<\/strong> 285 kal, 1211 kj ,grasimi 25 gr, din care\u00a0 acizi grasi sat.12 gr, glucide 0 gr,proteine 15 gr,sare 2 gr<\/p>","protected":false},"featured_media":1119,"comment_status":"open","ping_status":"closed","template":"","meta":[],"product_cat":[29],"product_tag":[],"class_list":["post-1139","product","type-product","status-publish","has-post-thumbnail","hentry","product_cat-traditional"],"jetpack_sharing_enabled":true,"_links":{"self":[{"href":"https:\/\/vlade.ro\/en\/wp-json\/wp\/v2\/product\/1139","targetHints":{"allow":["GET"]}}],"collection":[{"href":"https:\/\/vlade.ro\/en\/wp-json\/wp\/v2\/product"}],"about":[{"href":"https:\/\/vlade.ro\/en\/wp-json\/wp\/v2\/types\/product"}],"replies":[{"embeddable":true,"href":"https:\/\/vlade.ro\/en\/wp-json\/wp\/v2\/comments?post=1139"}],"wp:featuredmedia":[{"embeddable":true,"href":"https:\/\/vlade.ro\/en\/wp-json\/wp\/v2\/media\/1119"}],"wp:attachment":[{"href":"https:\/\/vlade.ro\/en\/wp-json\/wp\/v2\/media?parent=1139"}],"wp:term":[{"taxonomy":"product_cat","embeddable":true,"href":"https:\/\/vlade.ro\/en\/wp-json\/wp\/v2\/product_cat?post=1139"},{"taxonomy":"product_tag","embeddable":true,"href":"https:\/\/vlade.ro\/en\/wp-json\/wp\/v2\/product_tag?post=1139"}],"curies":[{"name":"wp","href":"https:\/\/api.w.org\/{rel}","templated":true}]}}