{"id":1118,"date":"2023-11-20T18:30:27","date_gmt":"2023-11-20T18:30:27","guid":{"rendered":"https:\/\/vlade.ro\/?post_type=product&#038;p=1118"},"modified":"2024-03-27T07:07:08","modified_gmt":"2024-03-27T07:07:08","slug":"crenvursti-porc","status":"publish","type":"product","link":"https:\/\/vlade.ro\/en\/product\/crenvursti-porc\/","title":{"rendered":"Crenvursti porc"},"content":{"rendered":"<p>Crenvur\u0219tii de porc reprezint\u0103 o delicioas\u0103 specialitate tradi\u021bional\u0103 \u00een buc\u0103t\u0103ria rom\u00e2neasc\u0103, oferind o combina\u021bie savuroas\u0103 de carne de porc, condimente \u0219i arome autentice.<\/p>\n<p>La baza crenvur\u0219tilor de porc st\u0103 carne de porc de calitate superioar\u0103, atent selec\u021bionat\u0103 pentru a asigura savoarea \u0219i calitatea produsului final. Carnea este m\u0103cinat\u0103 fin \u0219i apoi amestecat\u0103 cu condimente specifice, precum amestec, nucsoara, usturoi,boia,piper alb. Aceast\u0103 combina\u021bie de ingrediente contribuie la crearea unui gust autentic \u0219i inconfundabil.<\/p>","protected":false},"excerpt":{"rendered":"<p>Ace\u0219ti crenvur\u0219ti pot fi savura\u021bi simpli, cu diverse sosuri sau ca parte a altor preparate culinare, ad\u0103ug\u00e2nd un plus de gust \u0219i autenticitate.<\/p>\n<p>produs fiert si afumat<\/p>\n<p><strong>Ingrediente:<\/strong> pulpa porc, slanina, sare amestec, nucsoara, usturoi,boia,piper alb<\/p>\n<p><strong>Declaratie nutritionala<\/strong> pentru 100 gr.produs<\/p>\n<p><strong>Valoare energetica<\/strong> 262 kal, 1113 kj ,grasimi 22 gr, din care\u00a0 acizi grasi sat.11 gr, glucide 0 gr,proteine 16 gr,sare 2 gr<\/p>\n<p>&nbsp;<\/p>","protected":false},"featured_media":1113,"comment_status":"open","ping_status":"closed","template":"","meta":[],"product_cat":[29],"product_tag":[],"class_list":["post-1118","product","type-product","status-publish","has-post-thumbnail","hentry","product_cat-traditional"],"jetpack_sharing_enabled":true,"_links":{"self":[{"href":"https:\/\/vlade.ro\/en\/wp-json\/wp\/v2\/product\/1118","targetHints":{"allow":["GET"]}}],"collection":[{"href":"https:\/\/vlade.ro\/en\/wp-json\/wp\/v2\/product"}],"about":[{"href":"https:\/\/vlade.ro\/en\/wp-json\/wp\/v2\/types\/product"}],"replies":[{"embeddable":true,"href":"https:\/\/vlade.ro\/en\/wp-json\/wp\/v2\/comments?post=1118"}],"wp:featuredmedia":[{"embeddable":true,"href":"https:\/\/vlade.ro\/en\/wp-json\/wp\/v2\/media\/1113"}],"wp:attachment":[{"href":"https:\/\/vlade.ro\/en\/wp-json\/wp\/v2\/media?parent=1118"}],"wp:term":[{"taxonomy":"product_cat","embeddable":true,"href":"https:\/\/vlade.ro\/en\/wp-json\/wp\/v2\/product_cat?post=1118"},{"taxonomy":"product_tag","embeddable":true,"href":"https:\/\/vlade.ro\/en\/wp-json\/wp\/v2\/product_tag?post=1118"}],"curies":[{"name":"wp","href":"https:\/\/api.w.org\/{rel}","templated":true}]}}