{"id":1114,"date":"2023-11-20T18:22:24","date_gmt":"2023-11-20T18:22:24","guid":{"rendered":"https:\/\/vlade.ro\/?post_type=product&#038;p=1114"},"modified":"2024-03-27T08:25:24","modified_gmt":"2024-03-27T08:25:24","slug":"mici","status":"publish","type":"product","link":"https:\/\/vlade.ro\/en\/product\/mici\/","title":{"rendered":"Mici"},"content":{"rendered":"<p>Carnea de mici reprezint\u0103 o delicioas\u0103 \u0219i emblematic\u0103 specialitate a buc\u0103t\u0103riei tradi\u021bionale rom\u00e2ne\u0219ti, fiind nelipsit\u0103 de pe mesele festivit\u0103\u021bilor \u0219i gr\u0103tarelor de var\u0103. Aceast\u0103 delicates\u0103 se caracterizeaz\u0103 prin aromele intense, textura suculent\u0103 \u0219i gustul inconfundabil.<\/p>\n<p>Procesul de preparare contribuie la eliberarea aromelor \u0219i a gustului bogat al condimentelor, transform\u00e2nd carnea de mici \u00eentr-o delicates\u0103 apreciat\u0103.<\/p>\n<p>&nbsp;<\/p>","protected":false},"excerpt":{"rendered":"<p>Carnea de mici este deseori servit\u0103 al\u0103turi de mu\u0219tar, p\u00e2ine proasp\u0103t\u0103. Este un aliment social, adun\u00e2nd oamenii \u00een jurul mesei \u0219i celebr\u00e2nd gusturile autentice ale buc\u0103t\u0103riei rom\u00e2ne\u0219ti.<\/p>\n<p><strong>Ingrediente:<\/strong> carne vita carne porc,slanina,usturoi,bicarb- nat,piper, sare amestec ,cimbru,boia,<\/p>\n<p><strong>Declaratie nutritionala<\/strong> pentru 100gr produs val energetica\u00a0 278kal 1112kj, din care 22gr acizi grasi sat.12gr glucide, 0 gr proteine, 20gr sare 2g<\/p>","protected":false},"featured_media":1116,"comment_status":"open","ping_status":"closed","template":"","meta":[],"product_cat":[29],"product_tag":[],"class_list":["post-1114","product","type-product","status-publish","has-post-thumbnail","hentry","product_cat-traditional"],"jetpack_sharing_enabled":true,"_links":{"self":[{"href":"https:\/\/vlade.ro\/en\/wp-json\/wp\/v2\/product\/1114","targetHints":{"allow":["GET"]}}],"collection":[{"href":"https:\/\/vlade.ro\/en\/wp-json\/wp\/v2\/product"}],"about":[{"href":"https:\/\/vlade.ro\/en\/wp-json\/wp\/v2\/types\/product"}],"replies":[{"embeddable":true,"href":"https:\/\/vlade.ro\/en\/wp-json\/wp\/v2\/comments?post=1114"}],"wp:featuredmedia":[{"embeddable":true,"href":"https:\/\/vlade.ro\/en\/wp-json\/wp\/v2\/media\/1116"}],"wp:attachment":[{"href":"https:\/\/vlade.ro\/en\/wp-json\/wp\/v2\/media?parent=1114"}],"wp:term":[{"taxonomy":"product_cat","embeddable":true,"href":"https:\/\/vlade.ro\/en\/wp-json\/wp\/v2\/product_cat?post=1114"},{"taxonomy":"product_tag","embeddable":true,"href":"https:\/\/vlade.ro\/en\/wp-json\/wp\/v2\/product_tag?post=1114"}],"curies":[{"name":"wp","href":"https:\/\/api.w.org\/{rel}","templated":true}]}}