{"id":1112,"date":"2023-11-20T18:10:42","date_gmt":"2023-11-20T18:10:42","guid":{"rendered":"https:\/\/vlade.ro\/?post_type=product&#038;p=1112"},"modified":"2024-03-27T07:07:21","modified_gmt":"2024-03-27T07:07:21","slug":"crenvurstii-de-pui","status":"publish","type":"product","link":"https:\/\/vlade.ro\/en\/product\/crenvurstii-de-pui\/","title":{"rendered":"Crenvur\u0219tii de pui"},"content":{"rendered":"<p>Crenvur\u0219tii de pui sunt aprecia\u021bi pentru savoarea lor delicat\u0103 \u0219i pentru faptul c\u0103 sunt o op\u021biune s\u0103n\u0103toas\u0103 pentru consumatori.<\/p>\n<p>La baza crenvur\u0219tilor de pui st\u0103 carnea de pui fin selectat\u0103, m\u0103run\u021bit\u0103 \u0219i amestecat\u0103 cu ingrediente specifice, cum ar fi condimente \u0219i arome pentru a conferi un gust echilibrat \u0219i autentic.<\/p>","protected":false},"excerpt":{"rendered":"<p>Crenvur\u0219tii de pui reprezint\u0103 o variant\u0103 gustoas\u0103 \u0219i u\u0219oar\u0103 a acestei specialit\u0103\u021bi tradi\u021bionale, fiind o alegere popular\u0103 \u00een buc\u0103t\u0103ria rom\u00e2neasc\u0103. Ace\u0219ti crenvur\u0219ti se remarc\u0103 prin utilizarea c\u0103rnii de pui de calitate.<\/p>\n<p><strong>Ingrediente:<\/strong> piept pui, slanina, sare amestec,\u00a0 usturoi, nucsoara, boia,piper alb,<\/p>\n<p><strong>Declaratie nutritionala<\/strong> pentru 100 gr.produs<\/p>\n<p><strong>Valoare energetica<\/strong> 262 kal, 1113 kj ,grasimi 22 gr , din care\u00a0 acizi grasi sat.11 gr, glucide 0 gr,proteine 16 gr,sare 2 gr<\/p>\n<p>&nbsp;<\/p>","protected":false},"featured_media":1113,"comment_status":"open","ping_status":"closed","template":"","meta":[],"product_cat":[29],"product_tag":[],"class_list":["post-1112","product","type-product","status-publish","has-post-thumbnail","hentry","product_cat-traditional"],"jetpack_sharing_enabled":true,"_links":{"self":[{"href":"https:\/\/vlade.ro\/en\/wp-json\/wp\/v2\/product\/1112","targetHints":{"allow":["GET"]}}],"collection":[{"href":"https:\/\/vlade.ro\/en\/wp-json\/wp\/v2\/product"}],"about":[{"href":"https:\/\/vlade.ro\/en\/wp-json\/wp\/v2\/types\/product"}],"replies":[{"embeddable":true,"href":"https:\/\/vlade.ro\/en\/wp-json\/wp\/v2\/comments?post=1112"}],"wp:featuredmedia":[{"embeddable":true,"href":"https:\/\/vlade.ro\/en\/wp-json\/wp\/v2\/media\/1113"}],"wp:attachment":[{"href":"https:\/\/vlade.ro\/en\/wp-json\/wp\/v2\/media?parent=1112"}],"wp:term":[{"taxonomy":"product_cat","embeddable":true,"href":"https:\/\/vlade.ro\/en\/wp-json\/wp\/v2\/product_cat?post=1112"},{"taxonomy":"product_tag","embeddable":true,"href":"https:\/\/vlade.ro\/en\/wp-json\/wp\/v2\/product_tag?post=1112"}],"curies":[{"name":"wp","href":"https:\/\/api.w.org\/{rel}","templated":true}]}}