{"id":1109,"date":"2023-11-20T17:10:53","date_gmt":"2023-11-20T17:10:53","guid":{"rendered":"https:\/\/vlade.ro\/?post_type=product&#038;p=1109"},"modified":"2024-03-27T06:47:22","modified_gmt":"2024-03-27T06:47:22","slug":"carnati-plai","status":"publish","type":"product","link":"https:\/\/vlade.ro\/en\/product\/carnati-plai\/","title":{"rendered":"C\u00e2rna\u021bi Plai"},"content":{"rendered":"<p>C\u00e2rna\u021biul Plai este adesea servit sub form\u0103 de felii sub\u021biri, fie ca gustare \u00eentre mese, fie ca parte a unei platouri de aperitive. Acesta poate fi, de asemenea, folosit \u00een diferite re\u021bete tradi\u021bionale rom\u00e2ne\u0219ti, ad\u0103ug\u00e2nd o not\u0103 distinctiv\u0103 \u0219i autentic\u0103 preparatelor culinare.<\/p>","protected":false},"excerpt":{"rendered":"<p><strong>Ingrediente:<\/strong> pulpa porc, slanina, piper,sare cu nitrit,culturi starter<\/p>\n<p><strong>Declaratie nutritionala<\/strong> pentru 100 gr.produs\u00a0\u00a0 valoare\u00a0\u00a0\u00a0 energetica 249 kcal, 1058 kj,grasimi 17 gr,din care acizi grasi sat.10 gr, glucide 0 gr,proteine 24 gr,sare 2,7 gr<\/p>\n<p>&nbsp;<\/p>","protected":false},"featured_media":1110,"comment_status":"open","ping_status":"closed","template":"","meta":[],"product_cat":[28],"product_tag":[],"class_list":["post-1109","product","type-product","status-publish","has-post-thumbnail","hentry","product_cat-carnati"],"jetpack_sharing_enabled":true,"_links":{"self":[{"href":"https:\/\/vlade.ro\/en\/wp-json\/wp\/v2\/product\/1109","targetHints":{"allow":["GET"]}}],"collection":[{"href":"https:\/\/vlade.ro\/en\/wp-json\/wp\/v2\/product"}],"about":[{"href":"https:\/\/vlade.ro\/en\/wp-json\/wp\/v2\/types\/product"}],"replies":[{"embeddable":true,"href":"https:\/\/vlade.ro\/en\/wp-json\/wp\/v2\/comments?post=1109"}],"wp:featuredmedia":[{"embeddable":true,"href":"https:\/\/vlade.ro\/en\/wp-json\/wp\/v2\/media\/1110"}],"wp:attachment":[{"href":"https:\/\/vlade.ro\/en\/wp-json\/wp\/v2\/media?parent=1109"}],"wp:term":[{"taxonomy":"product_cat","embeddable":true,"href":"https:\/\/vlade.ro\/en\/wp-json\/wp\/v2\/product_cat?post=1109"},{"taxonomy":"product_tag","embeddable":true,"href":"https:\/\/vlade.ro\/en\/wp-json\/wp\/v2\/product_tag?post=1109"}],"curies":[{"name":"wp","href":"https:\/\/api.w.org\/{rel}","templated":true}]}}