{"id":1106,"date":"2023-11-20T17:04:44","date_gmt":"2023-11-20T17:04:44","guid":{"rendered":"https:\/\/vlade.ro\/?post_type=product&#038;p=1106"},"modified":"2024-03-27T06:54:28","modified_gmt":"2024-03-27T06:54:28","slug":"ciolan-afumat","status":"publish","type":"product","link":"https:\/\/vlade.ro\/en\/product\/ciolan-afumat\/","title":{"rendered":"Ciolan afumat"},"content":{"rendered":"<p>Ciolanul afumat aduce cu sine tradi\u021bia \u0219i autenticitatea buc\u0103t\u0103riei rom\u00e2ne\u0219ti, oferind o experien\u021b\u0103 culinar\u0103 complex\u0103 \u0219i satisf\u0103c\u0103toare. Fiind un produs cu r\u0103d\u0103cini ad\u00e2nci \u00een cultura local\u0103, ciolanul afumat nu este doar o simpl\u0103 m\u00e2ncare, ci \u0219i o bucat\u0103 din istoria gastronomiei rom\u00e2ne\u0219ti.<\/p>","protected":false},"excerpt":{"rendered":"<p>Ciolanul afumat reprezint\u0103 o delicates\u0103 tradi\u021bional\u0103 \u00een buc\u0103t\u0103ria rom\u00e2neasc\u0103, \u00eembin\u00e2nd me\u0219te\u0219ugul culinar tradi\u021bional.<\/p>\n<p>produs crud<\/p>\n<p><strong>Ingrediente:<\/strong> ciolan porc,sare amestec<\/p>\n<p><strong>Declaratie nutritionala<\/strong> pentru 100 gr.produs<\/p>\n<p><strong>Valoare energetica<\/strong> 312 kal, 1126 kj ,grasimi 28 gr , din care\u00a0 acizi grasi sat.13 gr, glucide 0 gr,proteine 15 gr,sare 2 gr<\/p>","protected":false},"featured_media":1107,"comment_status":"open","ping_status":"closed","template":"","meta":[],"product_cat":[29],"product_tag":[],"class_list":["post-1106","product","type-product","status-publish","has-post-thumbnail","hentry","product_cat-traditional"],"jetpack_sharing_enabled":true,"_links":{"self":[{"href":"https:\/\/vlade.ro\/en\/wp-json\/wp\/v2\/product\/1106","targetHints":{"allow":["GET"]}}],"collection":[{"href":"https:\/\/vlade.ro\/en\/wp-json\/wp\/v2\/product"}],"about":[{"href":"https:\/\/vlade.ro\/en\/wp-json\/wp\/v2\/types\/product"}],"replies":[{"embeddable":true,"href":"https:\/\/vlade.ro\/en\/wp-json\/wp\/v2\/comments?post=1106"}],"wp:featuredmedia":[{"embeddable":true,"href":"https:\/\/vlade.ro\/en\/wp-json\/wp\/v2\/media\/1107"}],"wp:attachment":[{"href":"https:\/\/vlade.ro\/en\/wp-json\/wp\/v2\/media?parent=1106"}],"wp:term":[{"taxonomy":"product_cat","embeddable":true,"href":"https:\/\/vlade.ro\/en\/wp-json\/wp\/v2\/product_cat?post=1106"},{"taxonomy":"product_tag","embeddable":true,"href":"https:\/\/vlade.ro\/en\/wp-json\/wp\/v2\/product_tag?post=1106"}],"curies":[{"name":"wp","href":"https:\/\/api.w.org\/{rel}","templated":true}]}}