{"id":1103,"date":"2023-11-20T16:57:47","date_gmt":"2023-11-20T16:57:47","guid":{"rendered":"https:\/\/vlade.ro\/?post_type=product&#038;p=1103"},"modified":"2024-03-27T06:50:07","modified_gmt":"2024-03-27T06:50:07","slug":"urechi-de-porc","status":"publish","type":"product","link":"https:\/\/vlade.ro\/en\/product\/urechi-de-porc\/","title":{"rendered":"Urechi de porc"},"content":{"rendered":"<p>Apreciate pentru gustul lor inconfundabil \u0219i pentru contribu\u021bia lor la bucatele tradi\u021bionale, urechile de porc sunt un element esen\u021bial al gastronomiei rom\u00e2ne\u0219ti, aduc\u00e2nd o not\u0103 distinctiv\u0103 \u00een fiecare bucat\u0103 savurat\u0103.<\/p>","protected":false},"excerpt":{"rendered":"<p>Urechile de porc reprezint\u0103 o delicates\u0103 tradi\u021bional\u0103 \u00een gastronomia rom\u00e2neasc\u0103, av\u00e2nd o prezen\u021b\u0103 marcant\u0103 \u00een buc\u0103t\u0103ria local\u0103 datorit\u0103 texturii sale specifice \u0219i a aromei bogate.<\/p>\n<p><strong>Ingrediente:<\/strong> urechi de porc, sare<\/p>","protected":false},"featured_media":1105,"comment_status":"open","ping_status":"closed","template":"","meta":[],"product_cat":[29],"product_tag":[],"class_list":["post-1103","product","type-product","status-publish","has-post-thumbnail","hentry","product_cat-traditional"],"jetpack_sharing_enabled":true,"_links":{"self":[{"href":"https:\/\/vlade.ro\/en\/wp-json\/wp\/v2\/product\/1103","targetHints":{"allow":["GET"]}}],"collection":[{"href":"https:\/\/vlade.ro\/en\/wp-json\/wp\/v2\/product"}],"about":[{"href":"https:\/\/vlade.ro\/en\/wp-json\/wp\/v2\/types\/product"}],"replies":[{"embeddable":true,"href":"https:\/\/vlade.ro\/en\/wp-json\/wp\/v2\/comments?post=1103"}],"wp:featuredmedia":[{"embeddable":true,"href":"https:\/\/vlade.ro\/en\/wp-json\/wp\/v2\/media\/1105"}],"wp:attachment":[{"href":"https:\/\/vlade.ro\/en\/wp-json\/wp\/v2\/media?parent=1103"}],"wp:term":[{"taxonomy":"product_cat","embeddable":true,"href":"https:\/\/vlade.ro\/en\/wp-json\/wp\/v2\/product_cat?post=1103"},{"taxonomy":"product_tag","embeddable":true,"href":"https:\/\/vlade.ro\/en\/wp-json\/wp\/v2\/product_tag?post=1103"}],"curies":[{"name":"wp","href":"https:\/\/api.w.org\/{rel}","templated":true}]}}