{"id":1097,"date":"2023-11-20T16:48:03","date_gmt":"2023-11-20T16:48:03","guid":{"rendered":"https:\/\/vlade.ro\/?post_type=product&#038;p=1097"},"modified":"2024-03-27T08:20:00","modified_gmt":"2024-03-27T08:20:00","slug":"salam-victoria","status":"publish","type":"product","link":"https:\/\/vlade.ro\/en\/product\/salam-victoria\/","title":{"rendered":"Salam Victoria"},"content":{"rendered":"<p>Salamul Victoria este adesea servit sub form\u0103 de felii sub\u021biri, fie ca gustare \u00eentre mese, fie ca parte a unei platouri de aperitive. Acesta poate fi, de asemenea, folosit \u00een diferite re\u021bete tradi\u021bionale rom\u00e2ne\u0219ti, ad\u0103ug\u00e2nd o not\u0103 distinctiv\u0103 \u0219i autentic\u0103 preparatelor culinare.<\/p>\n<p>&nbsp;<\/p>","protected":false},"excerpt":{"rendered":"<p>Prin Salamul Victoria, se p\u0103streaz\u0103 \u0219i se transmite tradi\u021bia culinar\u0103 rom\u00e2neasc\u0103, oferind o experien\u021b\u0103 gustativ\u0103 memorabil\u0103 \u0219i r\u0103sp\u00e2ndind bucuria gustului autentic \u00een fiecare bucat\u0103 savurat\u0103.<\/p>\n<p><strong>Ingrediente:<\/strong> pulpa porc, piper,usturoi,sare amestec,<\/p>\n<p><strong>Declaratie nutritionala<\/strong> pentru 100 gr.produs<\/p>\n<p><strong>Valoare energetica<\/strong> 211 kal, 897 kj ,grasimi 15 gr , din care\u00a0 acizi grasi sat.9 gr, glucide 0 gr,proteine 16 gr,sare 2 gr<\/p>","protected":false},"featured_media":1099,"comment_status":"open","ping_status":"closed","template":"","meta":[],"product_cat":[30],"product_tag":[],"class_list":["post-1097","product","type-product","status-publish","has-post-thumbnail","hentry","product_cat-salam"],"jetpack_sharing_enabled":true,"_links":{"self":[{"href":"https:\/\/vlade.ro\/en\/wp-json\/wp\/v2\/product\/1097","targetHints":{"allow":["GET"]}}],"collection":[{"href":"https:\/\/vlade.ro\/en\/wp-json\/wp\/v2\/product"}],"about":[{"href":"https:\/\/vlade.ro\/en\/wp-json\/wp\/v2\/types\/product"}],"replies":[{"embeddable":true,"href":"https:\/\/vlade.ro\/en\/wp-json\/wp\/v2\/comments?post=1097"}],"wp:featuredmedia":[{"embeddable":true,"href":"https:\/\/vlade.ro\/en\/wp-json\/wp\/v2\/media\/1099"}],"wp:attachment":[{"href":"https:\/\/vlade.ro\/en\/wp-json\/wp\/v2\/media?parent=1097"}],"wp:term":[{"taxonomy":"product_cat","embeddable":true,"href":"https:\/\/vlade.ro\/en\/wp-json\/wp\/v2\/product_cat?post=1097"},{"taxonomy":"product_tag","embeddable":true,"href":"https:\/\/vlade.ro\/en\/wp-json\/wp\/v2\/product_tag?post=1097"}],"curies":[{"name":"wp","href":"https:\/\/api.w.org\/{rel}","templated":true}]}}