{"id":1090,"date":"2023-11-20T16:32:52","date_gmt":"2023-11-20T16:32:52","guid":{"rendered":"https:\/\/vlade.ro\/?post_type=product&#038;p=1090"},"modified":"2025-04-11T15:34:54","modified_gmt":"2025-04-11T15:34:54","slug":"parizer-porc","status":"publish","type":"product","link":"https:\/\/vlade.ro\/en\/product\/parizer-porc\/","title":{"rendered":"Parizer porc"},"content":{"rendered":"<p>Parizerul de porc este o tradi\u021bional\u0103 \u0219i apreciat\u0103 specialitate rom\u00e2neasc\u0103, cu o istorie bogat\u0103 \u0219i o savoare inconfundabil\u0103. Acest produs reprezint\u0103 o expresie autentic\u0103 a gustului rom\u00e2nesc, fiind preg\u0103tit cu aten\u021bie \u0219i m\u0103iestrie \u00een conformitate cu tradi\u021biile culinare locale.<\/p>\n<p>La baza parizerului de porc st\u0103 carne de porc de cea mai bun\u0103 calitate, atent selectat\u0103 pentru a asigura gustul autentic \u0219i textura perfect\u0103. Carnea este apoi m\u0103cinat\u0103 fin \u0219i amestecat\u0103 cu ingrediente speciale, printre care condimente tradi\u021bionale, pentru a crea un amestec echilibrat \u0219i gustos.<\/p>\n<p>&nbsp;<\/p>","protected":false},"excerpt":{"rendered":"<p>Parizerul de porc este versatil \u0219i poate fi servit \u00een diverse moduri \u2013 ca aperitiv, \u00een sandvi\u0219uri, sau ca ingredient \u00een diferite preparate culinare. Gustul s\u0103u bogat \u0219i consistent \u00eel face potrivit pentru o gam\u0103 larg\u0103 de preferin\u021be culinare.<\/p>\n<p><strong>Ingrediente:<\/strong> pulpa porc, slanina, piper,sare cu nitrit, nucsoara<\/p>\n<p><strong>Declaratie nutritionala<\/strong> pentru 100 gr.produs<\/p>\n<p><strong>Valoare energetica<\/strong> 298 kal, 1266 kj ,grasimi 26 gr , din care\u00a0 acizi grasi sat.12 gr, glucide 0 gr,proteine 16 gr,sare 2 gr<\/p>","protected":false},"featured_media":1089,"comment_status":"open","ping_status":"closed","template":"","meta":[],"product_cat":[29],"product_tag":[],"class_list":["post-1090","product","type-product","status-publish","has-post-thumbnail","hentry","product_cat-traditional"],"jetpack_sharing_enabled":true,"_links":{"self":[{"href":"https:\/\/vlade.ro\/en\/wp-json\/wp\/v2\/product\/1090","targetHints":{"allow":["GET"]}}],"collection":[{"href":"https:\/\/vlade.ro\/en\/wp-json\/wp\/v2\/product"}],"about":[{"href":"https:\/\/vlade.ro\/en\/wp-json\/wp\/v2\/types\/product"}],"replies":[{"embeddable":true,"href":"https:\/\/vlade.ro\/en\/wp-json\/wp\/v2\/comments?post=1090"}],"wp:featuredmedia":[{"embeddable":true,"href":"https:\/\/vlade.ro\/en\/wp-json\/wp\/v2\/media\/1089"}],"wp:attachment":[{"href":"https:\/\/vlade.ro\/en\/wp-json\/wp\/v2\/media?parent=1090"}],"wp:term":[{"taxonomy":"product_cat","embeddable":true,"href":"https:\/\/vlade.ro\/en\/wp-json\/wp\/v2\/product_cat?post=1090"},{"taxonomy":"product_tag","embeddable":true,"href":"https:\/\/vlade.ro\/en\/wp-json\/wp\/v2\/product_tag?post=1090"}],"curies":[{"name":"wp","href":"https:\/\/api.w.org\/{rel}","templated":true}]}}