{"id":1081,"date":"2023-11-20T16:24:24","date_gmt":"2023-11-20T16:24:24","guid":{"rendered":"https:\/\/vlade.ro\/?post_type=product&#038;p=1081"},"modified":"2024-03-27T08:25:03","modified_gmt":"2024-03-27T08:25:03","slug":"parizer-pui","status":"publish","type":"product","link":"https:\/\/vlade.ro\/en\/product\/parizer-pui\/","title":{"rendered":"Parizer pui"},"content":{"rendered":"<p>Parizerul de pui este o delicioas\u0103 specialitate culinar\u0103 a buc\u0103t\u0103riei tradi\u021bionale rom\u00e2ne\u0219ti, reprezent\u00e2nd o variant\u0103 u\u0219oar\u0103. Aceast\u0103 delicates\u0103 se remarc\u0103 prin utilizarea c\u0103rnii de pui de cea mai \u00eenalt\u0103 calitate, iar procesul de preparare \u00eembin\u0103 m\u0103iestria artizanal\u0103 cu standardele moderne de igien\u0103 \u0219i calitate.<\/p>","protected":false},"excerpt":{"rendered":"<p>Parizerul de pui este o delicioas\u0103 specialitate culinar\u0103 a buc\u0103t\u0103riei tradi\u021bionale rom\u00e2ne\u0219ti, reprezent\u00e2nd o variant\u0103 u\u0219oar\u0103.<\/p>\n<p><strong>Ingrediente<\/strong>: pulpa\u00a0 pui, slanina, sare amestec,\u00a0 usturoi, nucsoara, boia,piper alb,<\/p>\n<p><strong>Declaratie nutritionala<\/strong> pentru 100 gr.produs<\/p>\n<p><strong>Valoare energetica<\/strong> 262 kal, 1113 kj ,grasimi 22 gr ,<\/p>\n<p>din care\u00a0 acizi grasi sat.11 gr, glucide 0 gr,proteine 16 gr,sare 2 gr<\/p>","protected":false},"featured_media":1083,"comment_status":"open","ping_status":"closed","template":"","meta":[],"product_cat":[29],"product_tag":[],"class_list":["post-1081","product","type-product","status-publish","has-post-thumbnail","hentry","product_cat-traditional"],"jetpack_sharing_enabled":true,"_links":{"self":[{"href":"https:\/\/vlade.ro\/en\/wp-json\/wp\/v2\/product\/1081","targetHints":{"allow":["GET"]}}],"collection":[{"href":"https:\/\/vlade.ro\/en\/wp-json\/wp\/v2\/product"}],"about":[{"href":"https:\/\/vlade.ro\/en\/wp-json\/wp\/v2\/types\/product"}],"replies":[{"embeddable":true,"href":"https:\/\/vlade.ro\/en\/wp-json\/wp\/v2\/comments?post=1081"}],"wp:featuredmedia":[{"embeddable":true,"href":"https:\/\/vlade.ro\/en\/wp-json\/wp\/v2\/media\/1083"}],"wp:attachment":[{"href":"https:\/\/vlade.ro\/en\/wp-json\/wp\/v2\/media?parent=1081"}],"wp:term":[{"taxonomy":"product_cat","embeddable":true,"href":"https:\/\/vlade.ro\/en\/wp-json\/wp\/v2\/product_cat?post=1081"},{"taxonomy":"product_tag","embeddable":true,"href":"https:\/\/vlade.ro\/en\/wp-json\/wp\/v2\/product_tag?post=1081"}],"curies":[{"name":"wp","href":"https:\/\/api.w.org\/{rel}","templated":true}]}}