{"id":1078,"date":"2023-11-20T16:18:38","date_gmt":"2023-11-20T16:18:38","guid":{"rendered":"https:\/\/vlade.ro\/?post_type=product&#038;p=1078"},"modified":"2024-03-27T08:20:56","modified_gmt":"2024-03-27T08:20:56","slug":"gusa-fiarta-cu-boia-si-usturoi","status":"publish","type":"product","link":"https:\/\/vlade.ro\/en\/product\/gusa-fiarta-cu-boia-si-usturoi\/","title":{"rendered":"Gu\u0219\u0103 fiart\u0103 cu boia \u0219i usturoi"},"content":{"rendered":"<p>Gu\u0219a fiart\u0103 cu boia \u0219i usturoi este un produs tradi\u021bional rom\u00e2nesc ce eman\u0103 arome autentice \u0219i bog\u0103\u021bie gustativ\u0103. Aceast\u0103 delicates\u0103 are la baz\u0103 carne de porc.<\/p>\n<p>Aceast\u0103 delicates\u0103 este adesea apreciat\u0103 ca parte a meselor tradi\u021bionale rom\u00e2ne\u0219ti, fiind potrivit\u0103 pentru a fi consumat\u0103 ca aperitiv sau ca parte a unui preparat principal. Gu\u0219a fiart\u0103 cu boia \u0219i usturoi reprezint\u0103 o expresie autentic\u0103 a buc\u0103t\u0103riei rom\u00e2ne\u0219ti.<\/p>","protected":false},"excerpt":{"rendered":"<p>Gu\u0219a fiart\u0103 cu boia \u0219i usturoi este un produs tradi\u021bional rom\u00e2nesc ce eman\u0103 arome autentice \u0219i bog\u0103\u021bie gustativ\u0103. Aceast\u0103 delicates\u0103 are la baz\u0103 carne de porc.<\/p>\n<p><strong>Ingrediente<\/strong>:gusa porc,boia,usturoi, sare<\/p>\n<p><strong>Declaratie nutritionala<\/strong> pentru 100 gr.produs<\/p>\n<p><strong>Valoare energetica<\/strong> 627 kal, 2665 kj ,grasimi 67 gr ,<\/p>\n<p>din care\u00a0 acizi grasi sat.32 gr, glucide 0 gr,proteine 6 gr,sare 2 gr<\/p>","protected":false},"featured_media":1079,"comment_status":"open","ping_status":"closed","template":"","meta":[],"product_cat":[29],"product_tag":[],"class_list":["post-1078","product","type-product","status-publish","has-post-thumbnail","hentry","product_cat-traditional"],"jetpack_sharing_enabled":true,"_links":{"self":[{"href":"https:\/\/vlade.ro\/en\/wp-json\/wp\/v2\/product\/1078","targetHints":{"allow":["GET"]}}],"collection":[{"href":"https:\/\/vlade.ro\/en\/wp-json\/wp\/v2\/product"}],"about":[{"href":"https:\/\/vlade.ro\/en\/wp-json\/wp\/v2\/types\/product"}],"replies":[{"embeddable":true,"href":"https:\/\/vlade.ro\/en\/wp-json\/wp\/v2\/comments?post=1078"}],"wp:featuredmedia":[{"embeddable":true,"href":"https:\/\/vlade.ro\/en\/wp-json\/wp\/v2\/media\/1079"}],"wp:attachment":[{"href":"https:\/\/vlade.ro\/en\/wp-json\/wp\/v2\/media?parent=1078"}],"wp:term":[{"taxonomy":"product_cat","embeddable":true,"href":"https:\/\/vlade.ro\/en\/wp-json\/wp\/v2\/product_cat?post=1078"},{"taxonomy":"product_tag","embeddable":true,"href":"https:\/\/vlade.ro\/en\/wp-json\/wp\/v2\/product_tag?post=1078"}],"curies":[{"name":"wp","href":"https:\/\/api.w.org\/{rel}","templated":true}]}}