{"id":1076,"date":"2023-11-20T16:11:33","date_gmt":"2023-11-20T16:11:33","guid":{"rendered":"https:\/\/vlade.ro\/?post_type=product&#038;p=1076"},"modified":"2024-03-27T06:50:55","modified_gmt":"2024-03-27T06:50:55","slug":"sorici","status":"publish","type":"product","link":"https:\/\/vlade.ro\/en\/product\/sorici\/","title":{"rendered":"\u0218orici"},"content":{"rendered":"<p>\u0218oriciul este un produs tradi\u021bional rom\u00e2nesc cu o bogat\u0103 istorie \u0219i o savoare distinctiv\u0103, \u00eencorporat adesea \u00een gastronomia local\u0103 cu mare succes.<\/p>\n<p>\u0218oriciul este adesea asociat cu tradi\u021biile culinare rom\u00e2ne\u0219ti, fiind un aliment apreciat \u00een special \u00een perioadele festive \u0219i \u00een timpul s\u0103rb\u0103torilor tradi\u021bionale. Acest produs reprezint\u0103 o parte important\u0103 a buc\u0103t\u0103riei rom\u00e2ne\u0219ti, captur\u00e2nd esen\u021ba \u0219i autenticitatea gastronomiei locale \u00een fiecare bucat\u0103 crocant\u0103 \u0219i delicioas\u0103.<\/p>","protected":false},"excerpt":{"rendered":"<p>\u0218oriciul este un produs tradi\u021bional rom\u00e2nesc cu o bogat\u0103 istorie \u0219i o savoare distinctiv\u0103, \u00eencorporat adesea \u00een gastronomia local\u0103 cu mare succes.<\/p>\n<p><strong>Ingrediente<\/strong>: soric de porc, sare<\/p>","protected":false},"featured_media":1077,"comment_status":"open","ping_status":"closed","template":"","meta":[],"product_cat":[29],"product_tag":[],"class_list":["post-1076","product","type-product","status-publish","has-post-thumbnail","hentry","product_cat-traditional"],"jetpack_sharing_enabled":true,"_links":{"self":[{"href":"https:\/\/vlade.ro\/en\/wp-json\/wp\/v2\/product\/1076","targetHints":{"allow":["GET"]}}],"collection":[{"href":"https:\/\/vlade.ro\/en\/wp-json\/wp\/v2\/product"}],"about":[{"href":"https:\/\/vlade.ro\/en\/wp-json\/wp\/v2\/types\/product"}],"replies":[{"embeddable":true,"href":"https:\/\/vlade.ro\/en\/wp-json\/wp\/v2\/comments?post=1076"}],"wp:featuredmedia":[{"embeddable":true,"href":"https:\/\/vlade.ro\/en\/wp-json\/wp\/v2\/media\/1077"}],"wp:attachment":[{"href":"https:\/\/vlade.ro\/en\/wp-json\/wp\/v2\/media?parent=1076"}],"wp:term":[{"taxonomy":"product_cat","embeddable":true,"href":"https:\/\/vlade.ro\/en\/wp-json\/wp\/v2\/product_cat?post=1076"},{"taxonomy":"product_tag","embeddable":true,"href":"https:\/\/vlade.ro\/en\/wp-json\/wp\/v2\/product_tag?post=1076"}],"curies":[{"name":"wp","href":"https:\/\/api.w.org\/{rel}","templated":true}]}}