{"id":1074,"date":"2023-11-15T19:26:59","date_gmt":"2023-11-15T19:26:59","guid":{"rendered":"https:\/\/vlade.ro\/?post_type=product&#038;p=1074"},"modified":"2024-03-27T08:18:24","modified_gmt":"2024-03-27T08:18:24","slug":"muschi-tiganesc","status":"publish","type":"product","link":"https:\/\/vlade.ro\/en\/product\/muschi-tiganesc\/","title":{"rendered":"Muschi tiganesc"},"content":{"rendered":"<p>Mu\u0219chiul \u021aig\u0103nesc aduce \u00een farfurie pasiunea \u0219i aromele vii ale buc\u0103t\u0103riei tradi\u021bionale rom\u00e2ne\u0219ti. Cu o combina\u021bie excep\u021bional\u0103 de carne de porc de calitate superioar\u0103 \u0219i condimente alese cu grij\u0103, acest preparat \u00eembin\u0103 tradi\u021bia cu gustul rafinat, oferind o experien\u021b\u0103 gustativ\u0103 autentic rom\u00e2neasc\u0103.<\/p>\n<p><strong>Preparare Tradi\u021bional\u0103:<\/strong> Fidel tradi\u021biei rom\u00e2ne\u0219ti, Mu\u0219chiul \u021aig\u0103nesc este preparat cu grij\u0103, p\u0103str\u00e2nd secretele vechilor re\u021bete \u0219i m\u0103iestria culinar\u0103 transmis\u0103 din genera\u021bie \u00een genera\u021bie.<\/p>\n<p><strong>Potrivit pentru Diverse Ocazii:<\/strong> Mu\u0219chiul \u021aig\u0103nesc este alegerea perfect\u0103 pentru mese festive, \u00eent\u00e2lniri cu familia sau evenimente speciale, aduc\u00e2nd un strop de tradi\u021bie \u0219i bucurie \u00een fiecare moment.<\/p>\n<p>&nbsp;<\/p>","protected":false},"excerpt":{"rendered":"<p>Mu\u0219chiul \u021aig\u0103nesc aduce \u00een farfurie pasiunea \u0219i aromele vii ale buc\u0103t\u0103riei tradi\u021bionale rom\u00e2ne\u0219ti. Cu o combina\u021bie excep\u021bional\u0103 de carne de porc de calitate superioar\u0103 \u0219i condimente alese cu grij\u0103, acest preparat \u00eembin\u0103 tradi\u021bia cu gustul rafinat, oferind o experien\u021b\u0103 gustativ\u0103 autentic rom\u00e2neasc\u0103.<\/p>\n<p><strong>Ingrediente<\/strong>: ceafa,cotlet porc,sare amestec<\/p>\n<p>produs\u00a0fiert\u00a0si\u00a0afumat<\/p>\n<p><strong>Declaratie nutritionala<\/strong> pentru 100 gr.produs<\/p>\n<p><strong>Valoare energetica<\/strong> 152 kal, 646 kj ,grasimi 8 gr ,<\/p>\n<p>din\u00a0care\u00a0\u00a0acizi\u00a0grasi\u00a0sat.4\u00a0gr,\u00a0glucide\u00a00\u00a0gr,proteine\u00a020\u00a0gr,sare\u00a02\u00a0gr<\/p>","protected":false},"featured_media":1075,"comment_status":"open","ping_status":"closed","template":"","meta":[],"product_cat":[29],"product_tag":[],"class_list":["post-1074","product","type-product","status-publish","has-post-thumbnail","hentry","product_cat-traditional"],"jetpack_sharing_enabled":true,"_links":{"self":[{"href":"https:\/\/vlade.ro\/en\/wp-json\/wp\/v2\/product\/1074","targetHints":{"allow":["GET"]}}],"collection":[{"href":"https:\/\/vlade.ro\/en\/wp-json\/wp\/v2\/product"}],"about":[{"href":"https:\/\/vlade.ro\/en\/wp-json\/wp\/v2\/types\/product"}],"replies":[{"embeddable":true,"href":"https:\/\/vlade.ro\/en\/wp-json\/wp\/v2\/comments?post=1074"}],"wp:featuredmedia":[{"embeddable":true,"href":"https:\/\/vlade.ro\/en\/wp-json\/wp\/v2\/media\/1075"}],"wp:attachment":[{"href":"https:\/\/vlade.ro\/en\/wp-json\/wp\/v2\/media?parent=1074"}],"wp:term":[{"taxonomy":"product_cat","embeddable":true,"href":"https:\/\/vlade.ro\/en\/wp-json\/wp\/v2\/product_cat?post=1074"},{"taxonomy":"product_tag","embeddable":true,"href":"https:\/\/vlade.ro\/en\/wp-json\/wp\/v2\/product_tag?post=1074"}],"curies":[{"name":"wp","href":"https:\/\/api.w.org\/{rel}","templated":true}]}}