{"id":1070,"date":"2023-11-15T19:20:05","date_gmt":"2023-11-15T19:20:05","guid":{"rendered":"https:\/\/vlade.ro\/?post_type=product&#038;p=1070"},"modified":"2024-03-27T08:29:46","modified_gmt":"2024-03-27T08:29:46","slug":"tocanita-vita","status":"publish","type":"product","link":"https:\/\/vlade.ro\/en\/product\/tocanita-vita\/","title":{"rendered":"Tocanita vit\u0103"},"content":{"rendered":"<p>Bucur\u0103-te de autenticitatea buc\u0103t\u0103riei rom\u00e2ne\u0219ti cu Toc\u0103ni\u021ba de Vit\u0103, un preparat tradi\u021bional care \u00eembin\u0103 aromele bogate, savoarea \u0219i me\u0219te\u0219ugul gastronomic transmis din genera\u021bie \u00een genera\u021bie.<\/p>\n<p>Descoper\u0103 m\u0103iestria gusturilor tradi\u021bionale \u0219i adaug\u0103 o not\u0103 autentic\u0103 fiec\u0103rei mese.<\/p>","protected":false},"excerpt":{"rendered":"<p>Descoper\u0103 m\u0103iestria gusturilor tradi\u021bionale \u0219i adaug\u0103 o not\u0103 autentic\u0103 fiec\u0103rei mese.<\/p>","protected":false},"featured_media":1071,"comment_status":"open","ping_status":"closed","template":"","meta":[],"product_cat":[29],"product_tag":[],"class_list":["post-1070","product","type-product","status-publish","has-post-thumbnail","hentry","product_cat-traditional"],"jetpack_sharing_enabled":true,"_links":{"self":[{"href":"https:\/\/vlade.ro\/en\/wp-json\/wp\/v2\/product\/1070","targetHints":{"allow":["GET"]}}],"collection":[{"href":"https:\/\/vlade.ro\/en\/wp-json\/wp\/v2\/product"}],"about":[{"href":"https:\/\/vlade.ro\/en\/wp-json\/wp\/v2\/types\/product"}],"replies":[{"embeddable":true,"href":"https:\/\/vlade.ro\/en\/wp-json\/wp\/v2\/comments?post=1070"}],"wp:featuredmedia":[{"embeddable":true,"href":"https:\/\/vlade.ro\/en\/wp-json\/wp\/v2\/media\/1071"}],"wp:attachment":[{"href":"https:\/\/vlade.ro\/en\/wp-json\/wp\/v2\/media?parent=1070"}],"wp:term":[{"taxonomy":"product_cat","embeddable":true,"href":"https:\/\/vlade.ro\/en\/wp-json\/wp\/v2\/product_cat?post=1070"},{"taxonomy":"product_tag","embeddable":true,"href":"https:\/\/vlade.ro\/en\/wp-json\/wp\/v2\/product_tag?post=1070"}],"curies":[{"name":"wp","href":"https:\/\/api.w.org\/{rel}","templated":true}]}}