{"id":1068,"date":"2023-11-15T19:16:24","date_gmt":"2023-11-15T19:16:24","guid":{"rendered":"https:\/\/vlade.ro\/?post_type=product&#038;p=1068"},"modified":"2024-03-27T08:31:45","modified_gmt":"2024-03-27T08:31:45","slug":"muschi-alb-din-pulpa-vita","status":"publish","type":"product","link":"https:\/\/vlade.ro\/en\/product\/muschi-alb-din-pulpa-vita\/","title":{"rendered":"Mu\u0219chi alb din pulp\u0103 vit\u0103"},"content":{"rendered":"<p><strong>Mu\u0219chi Alb din Pulpa de Vit\u0103 &#8211; O Delicates\u0103 Tradi\u021bional\u0103 Rom\u00e2neasc\u0103 de Elegan\u021b\u0103<\/strong><\/p>\n<p>Experimenteaz\u0103 autenticitatea buc\u0103t\u0103riei rom\u00e2ne\u0219ti cu Mu\u0219chiul Alb din Pulpa de Vit\u0103, un produs tradi\u021bional ce define\u0219te rafinamentul \u0219i me\u0219te\u0219ugul gastronomic al culturii noastre.<\/p>\n<p><strong>Preparare Tradi\u021bional\u0103:<\/strong> Procesul tradi\u021bional de preparare respect\u0103 re\u021betele transmise din genera\u021bie \u00een genera\u021bie, conserv\u00e2nd autenticitatea \u0219i pasiunea pentru arta culinar\u0103 rom\u00e2neasc\u0103.<\/p>\n<p>Descoper\u0103 rafinamentul \u0219i elegan\u021ba buc\u0103t\u0103riei rom\u00e2ne\u0219ti cu Mu\u0219chiul Alb din Pulpa de Vit\u0103. Transform\u0103 orice mas\u0103 \u00eentr-un festin culinar autentic.<\/p>","protected":false},"excerpt":{"rendered":"<p>Descoper\u0103 rafinamentul \u0219i elegan\u021ba buc\u0103t\u0103riei rom\u00e2ne\u0219ti cu Mu\u0219chiul Alb din Pulpa de Vit\u0103. Transform\u0103 orice mas\u0103 \u00eentr-un festin culinar autentic.<\/p>","protected":false},"featured_media":1069,"comment_status":"open","ping_status":"closed","template":"","meta":[],"product_cat":[29],"product_tag":[],"class_list":["post-1068","product","type-product","status-publish","has-post-thumbnail","hentry","product_cat-traditional"],"jetpack_sharing_enabled":true,"_links":{"self":[{"href":"https:\/\/vlade.ro\/en\/wp-json\/wp\/v2\/product\/1068","targetHints":{"allow":["GET"]}}],"collection":[{"href":"https:\/\/vlade.ro\/en\/wp-json\/wp\/v2\/product"}],"about":[{"href":"https:\/\/vlade.ro\/en\/wp-json\/wp\/v2\/types\/product"}],"replies":[{"embeddable":true,"href":"https:\/\/vlade.ro\/en\/wp-json\/wp\/v2\/comments?post=1068"}],"wp:featuredmedia":[{"embeddable":true,"href":"https:\/\/vlade.ro\/en\/wp-json\/wp\/v2\/media\/1069"}],"wp:attachment":[{"href":"https:\/\/vlade.ro\/en\/wp-json\/wp\/v2\/media?parent=1068"}],"wp:term":[{"taxonomy":"product_cat","embeddable":true,"href":"https:\/\/vlade.ro\/en\/wp-json\/wp\/v2\/product_cat?post=1068"},{"taxonomy":"product_tag","embeddable":true,"href":"https:\/\/vlade.ro\/en\/wp-json\/wp\/v2\/product_tag?post=1068"}],"curies":[{"name":"wp","href":"https:\/\/api.w.org\/{rel}","templated":true}]}}