{"id":1062,"date":"2023-11-15T19:06:54","date_gmt":"2023-11-15T19:06:54","guid":{"rendered":"https:\/\/vlade.ro\/?post_type=product&#038;p=1062"},"modified":"2024-03-27T08:28:04","modified_gmt":"2024-03-27T08:28:04","slug":"cotlet-cu-os","status":"publish","type":"product","link":"https:\/\/vlade.ro\/en\/product\/cotlet-cu-os\/","title":{"rendered":"Cotlet cu os"},"content":{"rendered":"<p>Cotletul Cu Os este alegerea perfect\u0103 pentru cei care doresc s\u0103 experimenteze autenticitatea gustului.<\/p>\n<p><strong>Potrivit pentru Diverse Metode de G\u0103tit:<\/strong> Versatilitatea cotletului cu os \u00eel face ideal pentru g\u0103titul la gr\u0103tar, \u00een cuptor sau \u00een preparate slow-cooked. Este o alegere excelent\u0103 pentru orice buc\u0103tar creativ.<\/p>","protected":false},"excerpt":{"rendered":"<p><strong>Potrivit pentru Diverse Metode de G\u0103tit:<\/strong> Versatilitatea cotletului cu os \u00eel face ideal pentru g\u0103titul la gr\u0103tar, \u00een cuptor sau \u00een preparate slow-cooked. Este o alegere excelent\u0103 pentru orice buc\u0103tar creativ.<\/p>","protected":false},"featured_media":1063,"comment_status":"open","ping_status":"closed","template":"","meta":[],"product_cat":[29],"product_tag":[],"class_list":["post-1062","product","type-product","status-publish","has-post-thumbnail","hentry","product_cat-traditional"],"jetpack_sharing_enabled":true,"_links":{"self":[{"href":"https:\/\/vlade.ro\/en\/wp-json\/wp\/v2\/product\/1062","targetHints":{"allow":["GET"]}}],"collection":[{"href":"https:\/\/vlade.ro\/en\/wp-json\/wp\/v2\/product"}],"about":[{"href":"https:\/\/vlade.ro\/en\/wp-json\/wp\/v2\/types\/product"}],"replies":[{"embeddable":true,"href":"https:\/\/vlade.ro\/en\/wp-json\/wp\/v2\/comments?post=1062"}],"wp:featuredmedia":[{"embeddable":true,"href":"https:\/\/vlade.ro\/en\/wp-json\/wp\/v2\/media\/1063"}],"wp:attachment":[{"href":"https:\/\/vlade.ro\/en\/wp-json\/wp\/v2\/media?parent=1062"}],"wp:term":[{"taxonomy":"product_cat","embeddable":true,"href":"https:\/\/vlade.ro\/en\/wp-json\/wp\/v2\/product_cat?post=1062"},{"taxonomy":"product_tag","embeddable":true,"href":"https:\/\/vlade.ro\/en\/wp-json\/wp\/v2\/product_tag?post=1062"}],"curies":[{"name":"wp","href":"https:\/\/api.w.org\/{rel}","templated":true}]}}