{"id":1056,"date":"2023-11-15T18:54:20","date_gmt":"2023-11-15T18:54:20","guid":{"rendered":"https:\/\/vlade.ro\/?post_type=product&#038;p=1056"},"modified":"2024-03-27T08:28:38","modified_gmt":"2024-03-27T08:28:38","slug":"ceafa-porc","status":"publish","type":"product","link":"https:\/\/vlade.ro\/en\/product\/ceafa-porc\/","title":{"rendered":"Ceaf\u0103 porc"},"content":{"rendered":"<p>Cu o combina\u021bie perfect\u0103 de arome bogate \u0219i textur\u0103 suculent\u0103, Ceafa de Porc reprezint\u0103 o alegere deosebit\u0103 pentru cei care doresc s\u0103 aduc\u0103 autenticitatea \u00een farfurie.<\/p>\n<p><strong>Potrivit\u0103 pentru Diverse Preparate:<\/strong> Versatilitatea ceafelor de porc este uimitoare. De la gr\u0103tarul de weekend \u0219i p\u00e2n\u0103 la preparate slow-cooked sau g\u0103tite \u00een sosuri savuroase, aceasta se preteaz\u0103 la diverse re\u021bete care vor \u00eenc\u00e2nta toate sim\u021burile.<\/p>\n<p><strong>Provenient\u0103 Select\u0103:<\/strong> Ne angaj\u0103m s\u0103 oferim doar produse de cea mai \u00eenalt\u0103 calitate. Ceafa de porc provine de la surse responsabile, garant\u00e2nd o carne proasp\u0103t\u0103 \u0219i s\u0103n\u0103toas\u0103.<\/p>","protected":false},"excerpt":{"rendered":"<p>Cu o combina\u021bie perfect\u0103 de arome bogate \u0219i textur\u0103 suculent\u0103, Ceafa de Porc reprezint\u0103 o alegere deosebit\u0103 pentru cei care doresc s\u0103 aduc\u0103 autenticitatea \u00een farfurie.<\/p>","protected":false},"featured_media":1057,"comment_status":"open","ping_status":"closed","template":"","meta":[],"product_cat":[29],"product_tag":[],"class_list":["post-1056","product","type-product","status-publish","has-post-thumbnail","hentry","product_cat-traditional"],"jetpack_sharing_enabled":true,"_links":{"self":[{"href":"https:\/\/vlade.ro\/en\/wp-json\/wp\/v2\/product\/1056","targetHints":{"allow":["GET"]}}],"collection":[{"href":"https:\/\/vlade.ro\/en\/wp-json\/wp\/v2\/product"}],"about":[{"href":"https:\/\/vlade.ro\/en\/wp-json\/wp\/v2\/types\/product"}],"replies":[{"embeddable":true,"href":"https:\/\/vlade.ro\/en\/wp-json\/wp\/v2\/comments?post=1056"}],"wp:featuredmedia":[{"embeddable":true,"href":"https:\/\/vlade.ro\/en\/wp-json\/wp\/v2\/media\/1057"}],"wp:attachment":[{"href":"https:\/\/vlade.ro\/en\/wp-json\/wp\/v2\/media?parent=1056"}],"wp:term":[{"taxonomy":"product_cat","embeddable":true,"href":"https:\/\/vlade.ro\/en\/wp-json\/wp\/v2\/product_cat?post=1056"},{"taxonomy":"product_tag","embeddable":true,"href":"https:\/\/vlade.ro\/en\/wp-json\/wp\/v2\/product_tag?post=1056"}],"curies":[{"name":"wp","href":"https:\/\/api.w.org\/{rel}","templated":true}]}}