{"id":1054,"date":"2023-11-15T18:51:19","date_gmt":"2023-11-15T18:51:19","guid":{"rendered":"https:\/\/vlade.ro\/?post_type=product&#038;p=1054"},"modified":"2024-03-27T08:31:02","modified_gmt":"2024-03-27T08:31:02","slug":"vrabioara-antricot-vitel","status":"publish","type":"product","link":"https:\/\/vlade.ro\/en\/product\/vrabioara-antricot-vitel\/","title":{"rendered":"Vra\u0306bioara\u0306 (antricot vit\u0326el)"},"content":{"rendered":"<p>Cu o textur\u0103 delicat\u0103 \u0219i un gust fin, vr\u0103bioara de vi\u021bel redefine\u0219te experien\u021ba gustului pentru iubitorii de carne care apreciaz\u0103 calitatea superioar\u0103.<\/p>\n<p><strong>Perfect Pentru Gr\u0103tar:<\/strong> Vr\u0103bioara de vi\u021bel este alegerea ideal\u0103 pentru orice pasionat de gr\u0103tar. Pr\u0103je\u0219te-o sau coace-o la gr\u0103tar pentru a ob\u021bine o crust\u0103 crocant\u0103 \u00een exterior \u0219i o c\u0103rn\u0103 suculent\u0103 \u00een interior.<\/p>\n<p>Adaug\u0103 aceast\u0103 delicates\u0103 \u00een meniul t\u0103u pentru a transforma o simpl\u0103 mas\u0103 \u00eentr-o experien\u021b\u0103 gourmet.<\/p>","protected":false},"excerpt":{"rendered":"<p>Adaug\u0103 aceast\u0103 delicates\u0103 \u00een meniul t\u0103u pentru a transforma o simpl\u0103 mas\u0103 \u00eentr-o experien\u021b\u0103 gourmet.<\/p>\n<p><strong>Declaratie nutritionala<\/strong> pentru 100 gr.produs.<\/p>\n<p><strong>Valoare energetica<\/strong> : 104 kcal, 416 kj,grasimi 2,2 gr, din care acizi grasi sat. 0,7 gr, glucide 0gr, proteine 21 gr.<\/p>","protected":false},"featured_media":1055,"comment_status":"open","ping_status":"closed","template":"","meta":[],"product_cat":[29],"product_tag":[],"class_list":["post-1054","product","type-product","status-publish","has-post-thumbnail","hentry","product_cat-traditional"],"jetpack_sharing_enabled":true,"_links":{"self":[{"href":"https:\/\/vlade.ro\/en\/wp-json\/wp\/v2\/product\/1054","targetHints":{"allow":["GET"]}}],"collection":[{"href":"https:\/\/vlade.ro\/en\/wp-json\/wp\/v2\/product"}],"about":[{"href":"https:\/\/vlade.ro\/en\/wp-json\/wp\/v2\/types\/product"}],"replies":[{"embeddable":true,"href":"https:\/\/vlade.ro\/en\/wp-json\/wp\/v2\/comments?post=1054"}],"wp:featuredmedia":[{"embeddable":true,"href":"https:\/\/vlade.ro\/en\/wp-json\/wp\/v2\/media\/1055"}],"wp:attachment":[{"href":"https:\/\/vlade.ro\/en\/wp-json\/wp\/v2\/media?parent=1054"}],"wp:term":[{"taxonomy":"product_cat","embeddable":true,"href":"https:\/\/vlade.ro\/en\/wp-json\/wp\/v2\/product_cat?post=1054"},{"taxonomy":"product_tag","embeddable":true,"href":"https:\/\/vlade.ro\/en\/wp-json\/wp\/v2\/product_tag?post=1054"}],"curies":[{"name":"wp","href":"https:\/\/api.w.org\/{rel}","templated":true}]}}