{"id":1052,"date":"2023-11-15T18:47:54","date_gmt":"2023-11-15T18:47:54","guid":{"rendered":"https:\/\/vlade.ro\/?post_type=product&#038;p=1052"},"modified":"2024-03-27T08:32:10","modified_gmt":"2024-03-27T08:32:10","slug":"ose-vita","status":"publish","type":"product","link":"https:\/\/vlade.ro\/en\/product\/ose-vita\/","title":{"rendered":"Ose vit\u0103"},"content":{"rendered":"<p>Cu o calitate superioar\u0103, oasele de vit\u0103 pe care le oferim sunt alegerea perfect\u0103 pentru oricine caut\u0103 o experien\u021b\u0103 culinar\u0103. Sunt selectate cu grij\u0103, proaspete \u0219i pline de substan\u021be nutritive esen\u021biale pentru a ad\u0103uga un gust bogat \u0219i complex bucatelor tale.<\/p>\n<p>Ideal pentru a prepara ciorbe consistente \u0219i alte preparate care vor \u00eembog\u0103\u021bi gustul \u0219i textura oric\u0103rei mese.<\/p>","protected":false},"excerpt":{"rendered":"<p>Cu o calitate superioar\u0103, oasele de vit\u0103 pe care le oferim sunt alegerea perfect\u0103 pentru oricine caut\u0103 o experien\u021b\u0103 culinar\u0103.<\/p>","protected":false},"featured_media":1053,"comment_status":"open","ping_status":"closed","template":"","meta":[],"product_cat":[29],"product_tag":[],"class_list":["post-1052","product","type-product","status-publish","has-post-thumbnail","hentry","product_cat-traditional"],"jetpack_sharing_enabled":true,"_links":{"self":[{"href":"https:\/\/vlade.ro\/en\/wp-json\/wp\/v2\/product\/1052","targetHints":{"allow":["GET"]}}],"collection":[{"href":"https:\/\/vlade.ro\/en\/wp-json\/wp\/v2\/product"}],"about":[{"href":"https:\/\/vlade.ro\/en\/wp-json\/wp\/v2\/types\/product"}],"replies":[{"embeddable":true,"href":"https:\/\/vlade.ro\/en\/wp-json\/wp\/v2\/comments?post=1052"}],"wp:featuredmedia":[{"embeddable":true,"href":"https:\/\/vlade.ro\/en\/wp-json\/wp\/v2\/media\/1053"}],"wp:attachment":[{"href":"https:\/\/vlade.ro\/en\/wp-json\/wp\/v2\/media?parent=1052"}],"wp:term":[{"taxonomy":"product_cat","embeddable":true,"href":"https:\/\/vlade.ro\/en\/wp-json\/wp\/v2\/product_cat?post=1052"},{"taxonomy":"product_tag","embeddable":true,"href":"https:\/\/vlade.ro\/en\/wp-json\/wp\/v2\/product_tag?post=1052"}],"curies":[{"name":"wp","href":"https:\/\/api.w.org\/{rel}","templated":true}]}}