{"id":1019,"date":"2023-11-15T11:08:49","date_gmt":"2023-11-15T11:08:49","guid":{"rendered":"https:\/\/vlade.ro\/?post_type=product&#038;p=1019"},"modified":"2024-03-27T07:06:40","modified_gmt":"2024-03-27T07:06:40","slug":"virsli-oaie","status":"publish","type":"product","link":"https:\/\/vlade.ro\/en\/product\/virsli-oaie\/","title":{"rendered":"Vir\u0219li Oaie"},"content":{"rendered":"<p>Vir\u0219li de Oaie reprezint\u0103 o incursiune \u00eendr\u0103znea\u021b\u0103 \u00een universul gusturilor autentice, aduc\u00e2nd \u00een farfurie aroma distinctiv\u0103 a c\u0103rnii de oaie \u0219i tradi\u021bia me\u0219te\u0219ugului culinar.<\/p>\n<p><strong>Caracteristici Remarcabile:<\/strong><\/p>\n<ul>\n<li><strong>Aroma Intens\u0103 de Oaie:<\/strong> Vir\u0219li de oaie se disting prin aroma intens\u0103 a c\u0103rnii de oaie, aduc\u00e2nd \u00een prim plan caracteristicile unice ale acestei delicatese.<\/li>\n<li><strong>Textur\u0103 Delicat\u0103:<\/strong> Cu o textur\u0103 delicat\u0103 \u0219i consistent\u0103, fiecare virsl\u0103 reprezint\u0103 un echilibru perfect \u00eentre suculen\u021ba c\u0103rnii \u0219i gr\u0103simea fin\u0103, oferind o experien\u021b\u0103 gustativ\u0103 deosebit\u0103.<\/li>\n<li><strong>Ingrediente Selec\u021bionate cu Grij\u0103:<\/strong> Select\u0103m cu grij\u0103 carnea de oaie de cea mai \u00eenalt\u0103 calitate, iar procesul de preparare reflect\u0103 aten\u021bia noastr\u0103 la detalii \u0219i angajamentul pentru gust autentic.<\/li>\n<\/ul>","protected":false},"excerpt":{"rendered":"<p>Vir\u0219li de oaie reprezint\u0103 o incursiune \u00eendr\u0103znea\u021b\u0103 \u00een universul gusturilor autentice, aduc\u00e2nd \u00een farfurie aroma distinctiv\u0103 a c\u0103rnii de oaie \u0219i tradi\u021bia me\u0219te\u0219ugului culinar.<\/p>\n<p><strong>Ingrediente:<\/strong> carne oaie , slanina,boia ,piper, boia, usturoi,sare amestec,boia iute<\/p>\n<p><strong>Declaratie nutritionala<\/strong> pentru 100 gr.produs<\/p>\n<p><strong>Valoare energetica<\/strong> 285 kal, 1211 kj ,grasimi 25 gr ,<\/p>\n<p>din\u00a0care\u00a0\u00a0acizi\u00a0grasi\u00a0sat.12\u00a0gr,\u00a0glucide\u00a00\u00a0gr,proteine\u00a015\u00a0gr,sare\u00a02\u00a0gr<\/p>","protected":false},"featured_media":1020,"comment_status":"open","ping_status":"closed","template":"","meta":[],"product_cat":[29],"product_tag":[],"class_list":["post-1019","product","type-product","status-publish","has-post-thumbnail","hentry","product_cat-traditional"],"jetpack_sharing_enabled":true,"_links":{"self":[{"href":"https:\/\/vlade.ro\/en\/wp-json\/wp\/v2\/product\/1019","targetHints":{"allow":["GET"]}}],"collection":[{"href":"https:\/\/vlade.ro\/en\/wp-json\/wp\/v2\/product"}],"about":[{"href":"https:\/\/vlade.ro\/en\/wp-json\/wp\/v2\/types\/product"}],"replies":[{"embeddable":true,"href":"https:\/\/vlade.ro\/en\/wp-json\/wp\/v2\/comments?post=1019"}],"wp:featuredmedia":[{"embeddable":true,"href":"https:\/\/vlade.ro\/en\/wp-json\/wp\/v2\/media\/1020"}],"wp:attachment":[{"href":"https:\/\/vlade.ro\/en\/wp-json\/wp\/v2\/media?parent=1019"}],"wp:term":[{"taxonomy":"product_cat","embeddable":true,"href":"https:\/\/vlade.ro\/en\/wp-json\/wp\/v2\/product_cat?post=1019"},{"taxonomy":"product_tag","embeddable":true,"href":"https:\/\/vlade.ro\/en\/wp-json\/wp\/v2\/product_tag?post=1019"}],"curies":[{"name":"wp","href":"https:\/\/api.w.org\/{rel}","templated":true}]}}