{"id":1017,"date":"2023-11-15T11:05:41","date_gmt":"2023-11-15T11:05:41","guid":{"rendered":"https:\/\/vlade.ro\/?post_type=product&#038;p=1017"},"modified":"2024-03-27T08:19:19","modified_gmt":"2024-03-27T08:19:19","slug":"sunca-praga","status":"publish","type":"product","link":"https:\/\/vlade.ro\/en\/product\/sunca-praga\/","title":{"rendered":"\u0218unca Praga"},"content":{"rendered":"<p>Cu o istorie \u00eendelungat\u0103 \u0219i procese de preparare atent supravegheate, fiecare felie de \u0218unc\u0103 Praga ofer\u0103 o experien\u021b\u0103 culinar\u0103 rafinat\u0103 \u0219i inconfundabil\u0103.<\/p>\n<p><strong>Caracteristici Remarcabile:<\/strong><\/p>\n<ul>\n<li><strong>Aroma Distinctiv\u0103:<\/strong> \u0218unca Praga eman\u0103 o arom\u0103 distinctiv\u0103, rezultatul procesului de afumare \u0219i condimentare atent urm\u0103rit, conferind fiec\u0103rei buc\u0103\u021bi un caracter unic \u0219i inconfundabil.<\/li>\n<li><strong>Textur\u0103 Fin\u0103 \u0219i Savorat\u0103:<\/strong> Cu o textur\u0103 fin\u0103 \u0219i savorat\u0103, fiecare felie de \u0218unc\u0103 Praga \u00ee\u021bi r\u0103sfa\u021b\u0103 sim\u021burile cu combina\u021bia perfect\u0103 de carne \u0219i gr\u0103sime.<\/li>\n<\/ul>\n<p><strong>Sugestii de Degustare:<\/strong><\/p>\n<ul>\n<li><strong>Platou Elegant de Aperitive:<\/strong> Servit\u0103 al\u0103turi de br\u00e2nzeturi fine, fructe proaspete \u0219i nuci, \u0218unca Praga este un element de elegan\u021b\u0103 pe orice platou de aperitive.<\/li>\n<\/ul>","protected":false},"excerpt":{"rendered":"<p>Cu o istorie \u00eendelungat\u0103 \u0219i procese de preparare atent supravegheate, fiecare felie de \u0218unc\u0103 Praga ofer\u0103 o experien\u021b\u0103 culinar\u0103 rafinat\u0103 \u0219i inconfundabil\u0103.<\/p>\n<p><strong>Ingrediente<\/strong>: pulpa porc, sare amestec,<\/p>\n<p><strong>Declaratie nutritionala<\/strong> pentru 100 gr.produs valoare energetica 158 kal, 671 kj ,grasimi 10 gr ,din\u00a0care\u00a0\u00a0acizi\u00a0grasi\u00a0sat.5\u00a0gr,\u00a0glucide\u00a00\u00a0gr,proteine\u00a017\u00a0gr,sare\u00a02\u00a0gr<\/p>","protected":false},"featured_media":1018,"comment_status":"open","ping_status":"closed","template":"","meta":[],"product_cat":[29],"product_tag":[],"class_list":["post-1017","product","type-product","status-publish","has-post-thumbnail","hentry","product_cat-traditional"],"jetpack_sharing_enabled":true,"_links":{"self":[{"href":"https:\/\/vlade.ro\/en\/wp-json\/wp\/v2\/product\/1017","targetHints":{"allow":["GET"]}}],"collection":[{"href":"https:\/\/vlade.ro\/en\/wp-json\/wp\/v2\/product"}],"about":[{"href":"https:\/\/vlade.ro\/en\/wp-json\/wp\/v2\/types\/product"}],"replies":[{"embeddable":true,"href":"https:\/\/vlade.ro\/en\/wp-json\/wp\/v2\/comments?post=1017"}],"wp:featuredmedia":[{"embeddable":true,"href":"https:\/\/vlade.ro\/en\/wp-json\/wp\/v2\/media\/1018"}],"wp:attachment":[{"href":"https:\/\/vlade.ro\/en\/wp-json\/wp\/v2\/media?parent=1017"}],"wp:term":[{"taxonomy":"product_cat","embeddable":true,"href":"https:\/\/vlade.ro\/en\/wp-json\/wp\/v2\/product_cat?post=1017"},{"taxonomy":"product_tag","embeddable":true,"href":"https:\/\/vlade.ro\/en\/wp-json\/wp\/v2\/product_tag?post=1017"}],"curies":[{"name":"wp","href":"https:\/\/api.w.org\/{rel}","templated":true}]}}