{"id":1011,"date":"2023-11-15T10:55:53","date_gmt":"2023-11-15T10:55:53","guid":{"rendered":"https:\/\/vlade.ro\/?post_type=product&#038;p=1011"},"modified":"2024-03-27T06:43:59","modified_gmt":"2024-03-27T06:43:59","slug":"salam-vara-uscat","status":"publish","type":"product","link":"https:\/\/vlade.ro\/en\/product\/salam-vara-uscat\/","title":{"rendered":"Salam Var\u0103, uscat"},"content":{"rendered":"<p>Salamul Var\u0103 Uscat aduce prospe\u021bimea \u0219i savoarea direct pe masa ta. O delicates\u0103 unic\u0103, preparat\u0103 cu grij\u0103 \u0219i aten\u021bie la detalii, pentru a aduce gustul autentic al verii \u00een fiecare felie.<\/p>\n<p><strong>Caracteristici Remarcabile:<\/strong><\/p>\n<ul>\n<li><strong>Arome R\u0103coritoare:<\/strong> Salamul Var\u0103 Uscat eman\u0103 arome r\u0103coritoare, perfecte pentru a fi savurate \u00een zilele c\u0103lduroase, fiind un omagiu adus prospe\u021bimii \u0219i vitalit\u0103\u021bii verii.<\/li>\n<li><strong>Textur\u0103 U\u0219or Uscat\u0103:<\/strong> Cu o textur\u0103 u\u0219or uscat\u0103 \u0219i o consisten\u021b\u0103 echilibrat\u0103<\/li>\n<li><strong>Ingrediente de Calitate:<\/strong> Select\u0103m cu aten\u021bie ingrediente de cea mai bun\u0103 calitate, aduc\u00e2nd \u00een prim plan carnea aleas\u0103 \u0219i condimentele delicate.<\/li>\n<\/ul>\n<p><strong>Sugestii de Degustare:<\/strong><\/p>\n<ul>\n<li><strong>Picnic Estival Perfect:<\/strong> Ambaleaz\u0103 salamul de var\u0103 \u00een co\u0219ul de picnic, al\u0103turi de br\u00e2nzeturi, fructe proaspete \u0219i p\u00e2ine proasp\u0103t\u0103 pentru o experien\u021b\u0103 gustativ\u0103 memorabil\u0103.<\/li>\n<li><strong>Sandwich Fresh:<\/strong> Adaug\u0103 felii de Salam Var\u0103 \u00eentr-un sandwich cu legume proaspete \u0219i iaurt pentru o gustare u\u0219oar\u0103 \u0219i revigorant\u0103.<\/li>\n<li><strong>Gustare Rapid\u0103 \u0219i Delicioas\u0103:<\/strong> Fie c\u0103 este servit singur sau al\u0103turi de un sos u\u0219or, Salamul Var\u0103 Uscat feliat este op\u021biunea perfect\u0103 pentru o gustare rapid\u0103 \u0219i delicioas\u0103.<\/li>\n<\/ul>","protected":false},"excerpt":{"rendered":"<p><strong>Ingrediente de Calitate:<\/strong> Select\u0103m cu aten\u021bie ingrediente de cea mai bun\u0103 calitate, aduc\u00e2nd \u00een prim plan carnea aleas\u0103 \u0219i condimentele delicate.<\/p>\n<p><strong>Ingrediente<\/strong>: pulpa porc, pulpa vita, slanina ,piper,usturoi,sare amestec,<\/p>\n<p><strong>Declaratie nutritionala<\/strong> pentru 100 gr.produs<\/p>\n<p><strong>Valoare energetica<\/strong> 289 kal, 1228 kj ,grasimi 25 gr ,<\/p>\n<p>din\u00a0care\u00a0\u00a0acizi\u00a0grasi\u00a0sat.13\u00a0gr,\u00a0glucide\u00a00\u00a0gr,proteine\u00a016\u00a0gr,sare\u00a02\u00a0gr<\/p>","protected":false},"featured_media":1012,"comment_status":"open","ping_status":"closed","template":"","meta":[],"product_cat":[30],"product_tag":[],"class_list":["post-1011","product","type-product","status-publish","has-post-thumbnail","hentry","product_cat-salam"],"jetpack_sharing_enabled":true,"_links":{"self":[{"href":"https:\/\/vlade.ro\/en\/wp-json\/wp\/v2\/product\/1011","targetHints":{"allow":["GET"]}}],"collection":[{"href":"https:\/\/vlade.ro\/en\/wp-json\/wp\/v2\/product"}],"about":[{"href":"https:\/\/vlade.ro\/en\/wp-json\/wp\/v2\/types\/product"}],"replies":[{"embeddable":true,"href":"https:\/\/vlade.ro\/en\/wp-json\/wp\/v2\/comments?post=1011"}],"wp:featuredmedia":[{"embeddable":true,"href":"https:\/\/vlade.ro\/en\/wp-json\/wp\/v2\/media\/1012"}],"wp:attachment":[{"href":"https:\/\/vlade.ro\/en\/wp-json\/wp\/v2\/media?parent=1011"}],"wp:term":[{"taxonomy":"product_cat","embeddable":true,"href":"https:\/\/vlade.ro\/en\/wp-json\/wp\/v2\/product_cat?post=1011"},{"taxonomy":"product_tag","embeddable":true,"href":"https:\/\/vlade.ro\/en\/wp-json\/wp\/v2\/product_tag?post=1011"}],"curies":[{"name":"wp","href":"https:\/\/api.w.org\/{rel}","templated":true}]}}