{"id":1007,"date":"2023-11-15T10:49:55","date_gmt":"2023-11-15T10:49:55","guid":{"rendered":"https:\/\/vlade.ro\/?post_type=product&#038;p=1007"},"modified":"2024-03-27T06:44:53","modified_gmt":"2024-03-27T06:44:53","slug":"salam-unguresc","status":"publish","type":"product","link":"https:\/\/vlade.ro\/en\/product\/salam-unguresc\/","title":{"rendered":"Salam Unguresc"},"content":{"rendered":"<p>Bucur\u0103-te de o c\u0103l\u0103torie gustativ\u0103 \u00een inima buc\u0103t\u0103riei maghiare autentice cu Salamul Unguresc &#8211; un produs care aduce aromele bogate \u0219i tradi\u021bia direct la tine acas\u0103.<\/p>\n<p><strong>Caracteristici Remarcabile:<\/strong><\/p>\n<ul>\n<li><strong>Arome Maghiare \u00cembietoare:<\/strong> Salamul Unguresc se distinge prin aromele sale maghiare \u00eembietoare, rezultatul aten\u021biei noastre la detalii \u00een procesul de preparare \u0219i condimentare.<\/li>\n<li><strong>Textur\u0103 U\u0219or Condimentat\u0103:<\/strong> Cu o textur\u0103 u\u0219or condimentat\u0103, fiecare felie de Salam Unguresc \u00eembin\u0103 m\u0103iestria me\u0219te\u0219ugului cu gustul autentic al condimentelor specifice buc\u0103t\u0103riei maghiare.<\/li>\n<li><strong>Ingrediente Selec\u021bionate cu Grij\u0103:<\/strong> Select\u0103m cu grij\u0103 ingredientele pentru a crea un salam de calitate superioar\u0103, respect\u00e2nd tradi\u021bia \u0219i aduc\u00e2nd \u00een prim plan aromele autentice ale c\u0103rnii<\/li>\n<\/ul>\n<p><strong>Sugestii de Degustare:<\/strong><\/p>\n<ul>\n<li><strong>Platou Maghiar de Aperitive:<\/strong> Serve\u0219te felii sub\u021biri de Salam Unguresc pe un platou al\u0103turi de br\u00e2nzeturi locale, c\u00e2rna\u021bi \u0219i mur\u0103turi pentru o experien\u021b\u0103 autentic\u0103.<\/li>\n<\/ul>","protected":false},"excerpt":{"rendered":"<p><strong>Textur\u0103 U\u0219or Condimentat\u0103:<\/strong> Cu o textur\u0103 u\u0219or condimentat\u0103, fiecare felie de Salam Unguresc \u00eembin\u0103 m\u0103iestria me\u0219te\u0219ugului cu gustul autentic al condimentelor specifice buc\u0103t\u0103riei maghiare.<\/p>\n<p><strong>Ingrediente<\/strong>: carne porc, sare amestec,piper,boia dulce, chimen,coriandru, boia iute<\/p>\n<p><strong>Declaratie nutritionala<\/strong> pentru 100 gr.produs<\/p>\n<p><strong>Valoare energetica<\/strong> 387 kal, 1548 kj ,grasimi 35 gr ,<\/p>\n<p>din\u00a0care\u00a0\u00a0acizi\u00a0grasi\u00a0sat.15\u00a0gr,\u00a0glucide\u00a00\u00a0gr,proteine\u00a018\u00a0gr,sare\u00a02\u00a0gr<\/p>","protected":false},"featured_media":1008,"comment_status":"open","ping_status":"closed","template":"","meta":[],"product_cat":[30],"product_tag":[],"class_list":["post-1007","product","type-product","status-publish","has-post-thumbnail","hentry","product_cat-salam"],"jetpack_sharing_enabled":true,"_links":{"self":[{"href":"https:\/\/vlade.ro\/en\/wp-json\/wp\/v2\/product\/1007","targetHints":{"allow":["GET"]}}],"collection":[{"href":"https:\/\/vlade.ro\/en\/wp-json\/wp\/v2\/product"}],"about":[{"href":"https:\/\/vlade.ro\/en\/wp-json\/wp\/v2\/types\/product"}],"replies":[{"embeddable":true,"href":"https:\/\/vlade.ro\/en\/wp-json\/wp\/v2\/comments?post=1007"}],"wp:featuredmedia":[{"embeddable":true,"href":"https:\/\/vlade.ro\/en\/wp-json\/wp\/v2\/media\/1008"}],"wp:attachment":[{"href":"https:\/\/vlade.ro\/en\/wp-json\/wp\/v2\/media?parent=1007"}],"wp:term":[{"taxonomy":"product_cat","embeddable":true,"href":"https:\/\/vlade.ro\/en\/wp-json\/wp\/v2\/product_cat?post=1007"},{"taxonomy":"product_tag","embeddable":true,"href":"https:\/\/vlade.ro\/en\/wp-json\/wp\/v2\/product_tag?post=1007"}],"curies":[{"name":"wp","href":"https:\/\/api.w.org\/{rel}","templated":true}]}}