{"id":284,"date":"2021-01-19T10:44:45","date_gmt":"2021-01-19T10:44:45","guid":{"rendered":"https:\/\/vlade.ro\/?page_id=284"},"modified":"2023-12-09T19:05:24","modified_gmt":"2023-12-09T19:05:24","slug":"politica-cookie","status":"publish","type":"page","link":"https:\/\/vlade.ro\/en\/politica-cookie\/","title":{"rendered":"Politica Cookie"},"content":{"rendered":"<div class=\"fusion-fullwidth fullwidth-box fusion-builder-row-1 fusion-flex-container nonhundred-percent-fullwidth non-hundred-percent-height-scrolling\" style=\"--awb-border-radius-top-left:0px;--awb-border-radius-top-right:0px;--awb-border-radius-bottom-right:0px;--awb-border-radius-bottom-left:0px;--awb-padding-top:90px;--awb-padding-bottom:90px;--awb-flex-wrap:wrap;\" ><div class=\"fusion-builder-row fusion-row fusion-flex-align-items-flex-start fusion-flex-content-wrap\" style=\"max-width:1248px;margin-left: calc(-4% \/ 2 );margin-right: calc(-4% \/ 2 );\"><div class=\"fusion-layout-column fusion_builder_column fusion-builder-column-0 fusion_builder_column_1_1 1_1 fusion-flex-column fusion-animated\" style=\"--awb-padding-right:90px;--awb-padding-right-small:0px;--awb-bg-size:cover;--awb-width-large:100%;--awb-margin-top-large:0px;--awb-spacing-right-large:1.92%;--awb-margin-bottom-large:20px;--awb-spacing-left-large:1.92%;--awb-width-medium:100%;--awb-order-medium:0;--awb-spacing-right-medium:1.92%;--awb-spacing-left-medium:1.92%;--awb-width-small:100%;--awb-order-small:0;--awb-spacing-right-small:1.92%;--awb-spacing-left-small:1.92%;\" data-animationtype=\"fadeInUp\" data-animationduration=\"1.0\" data-animationoffset=\"top-into-view\"><div class=\"fusion-column-wrapper fusion-column-has-shadow fusion-flex-justify-content-flex-start fusion-content-layout-column\"><div class=\"fusion-title title fusion-title-1 fusion-sep-none fusion-title-text fusion-title-size-two\" style=\"--awb-font-size:var(--awb-typography1-font-size);\"><h2 class=\"fusion-title-heading title-heading-left sm-text-align-center\" style=\"font-family:var(--awb-typography1-font-family);font-weight:var(--awb-typography1-font-weight);font-style:var(--awb-typography1-font-style);margin:0;font-size:1em;letter-spacing:var(--awb-typography1-letter-spacing);text-transform:var(--awb-typography1-text-transform);line-height:var(--awb-typography1-line-height);\"><h3 class=\"vc_custom_heading\">POLITICA COOKIE<\/h3><\/h2><\/div><div class=\"fusion-text fusion-text-1 sm-text-align-center\"><div class=\"vc_row wpb_row vc_row-fluid\">\n<div class=\"wpb_column vc_column_container vc_col-sm-12\">\n<div class=\"vc_column-inner\">\n<div class=\"wpb_wrapper\">\n<h2 class=\"vc_custom_heading\"><span style=\"font-size: 16px;\">Politica de utilizare Cookie-uri pe vlade.ro<\/span><\/h2>\n<\/div>\n<\/div>\n<\/div>\n<\/div>\n<div class=\"vc_row wpb_row vc_row-fluid\">\n<div class=\"wpb_column vc_column_container vc_col-sm-12\">\n<div class=\"vc_column-inner\">\n<div class=\"wpb_wrapper\">\n<div class=\"wpb_text_column wpb_content_element\">\n<div class=\"wpb_wrapper\">\n<ol>\n<li>Despre Cookie-uri<br \/>\nVlade descrie \u00een Politica de utilizare Cookie-uri pentru site-ul www.vlade.ro ce sunt tehnologiile Cookies, dar \u0219i drepturile dumneavoastr\u0103 de a le controla \u0219i utiliza. Aceast\u0103 politic\u0103 de utilizare Cookie-uri este \u0219i va fi tratat\u0103 ca parte a Termenilor \u0219i condi\u021biilor. Termenii folosi\u021bi dar nedefini\u021bi \u00een aceast\u0103 pagin\u0103 au \u00een\u021belesul dat \u00een Politica de confiden\u021bialitate a datelor.<br \/>\n\u00cen unele cazuri vom folosi Cookie-uri sau alte tehnologii asem\u0103n\u0103toare, descrise \u00een acest document pentru a colecta informa\u021bii cu caracter personal, sau pentru a colecta informa\u021bii care devin informa\u021bii personale atunci c\u00e2nd sunt combinate cu alte informa\u021bii de identificare. Pentru mai multe informa\u021bii despre modul \u00een care v\u0103 proces\u0103m datele cu caracter personal, siguran\u021ba acestora \u0219i drepturile pe care le ave\u021bi \u00een aceast\u0103 privin\u021b\u0103, v\u0103 rug\u0103m s\u0103 citi\u021bi Politica de confiden\u021bialitate a datelor.<\/li>\n<li>Ce sunt Cookie-urile?<br \/>\nCookie-ul este un fi\u0219ier de dimensiuni foarte mici ce nu con\u021bine programe software, viru\u0219i sau alte programe d\u0103un\u0103toare. Acest fi\u0219ier con\u021bine un text special \u0219i se stocheaz\u0103 pe terminalul utilizatorului ce acceseaz\u0103 internetul (desktop, laptop, telefon mobil, tablet\u0103) la solicitarea de instalare emisa de un web-server c\u0103tre un browser (Mozilla, Chrome, Internet Explorer, Edge etc.). Acestea nu con\u021bin cod, deci nu se pot auto-rula, nu pot fi executate sau duplicate. Cookie-urile sunt utilizate de c\u0103tre majoritatea site-urilor de internet pentru a face paginile func\u021bionale, sau pentru a-i spori eficien\u021ba, dar \u0219i pentru a putea analiza rapoarte legate de activitatea de pe pagina respectiv\u0103.<\/li>\n<li>Utilizarea Cookie-urilor<br \/>\nPagina www.vlade.ro folose\u0219te Cookie-urile pentru a oferi clien\u021bilor o experien\u021b\u0103 online mai bun\u0103. Acestea sunt folosite la autentificare, pentru urm\u0103rirea comportamentului utilizatorului, pentru recunoa\u0219terea terminalului utilizatorului \u0219i pentru adaptarea con\u021binutului \u00eentr-un mod c\u00e2t mai relevant \u0219i agreat de utilizator, f\u0103r\u0103 s\u0103 re\u021bin\u0103 datele personale ale acestuia. Spre exemplu, \u00een cazul autentific\u0103rii unui utilizator, serverul re\u021bine faptul c\u0103 utilizatorul s-a autentificat \u0219i \u00eei va permite ac\u021biuni specifice utilizatorilor autentifica\u021bi. Cookie-urile asigur\u0103 o interac\u021biune mai rapid\u0103, mai comod\u0103 \u0219i mai u\u0219oar\u0103 \u00eentre utilizatori \u0219i www.vlade.ro. De exemplu: preferin\u021bele \u00een materie de confiden\u021bialitate online sau produsele salvate \u00een co\u0219ul de cump\u0103r\u0103turi.<br \/>\nRespect\u00e2nd cerin\u021bele Regulamentului (UE) 679\/2016 al parlamentului European \u0219i al Consiliului, cu privire la acordul consim\u021b\u0103m\u00e2ntului \u00eenainte de procesarea datelor cu caracter personal, vlade.ro folose\u0219te Cookie-urile \u0219i \u00een scopuri de analiz\u0103 a traficului de pe site-ul web, marketing etc. Acestea sunt descrise \u00een detaliu mai jos.<\/li>\n<\/ol>\n<p>4. Tipuri de Cookie-uri folosite<br \/>\nFolosim trei tipuri de Cookie-uri:<br \/>\n4.1. Cookie-uri specifice unei sesiuni care stocheaz\u0103 un indicator care \u00eei permite utilizatorului s\u0103 treac\u0103 de la o pagin\u0103 la alta a site-ului f\u0103r\u0103 s\u0103 fie nevoie s\u0103 se autentifice de fiecare dat\u0103 (deci re\u021bine faptul c\u0103 utilizatorul s-a identificat). Aceste Cookie-uri sunt \u0219terse automat \u00een momentul \u00een care se \u00eenchide browserul.<\/p>\n<\/div>\n<\/div>\n<\/div>\n<\/div>\n<\/div>\n<\/div>\n<\/div><\/div><\/div><\/div><\/div>","protected":false},"excerpt":{"rendered":"","protected":false},"author":1,"featured_media":0,"parent":0,"menu_order":0,"comment_status":"closed","ping_status":"closed","template":"100-width.php","meta":{"footnotes":""},"class_list":["post-284","page","type-page","status-publish","hentry"],"jetpack_sharing_enabled":true,"_links":{"self":[{"href":"https:\/\/vlade.ro\/en\/wp-json\/wp\/v2\/pages\/284","targetHints":{"allow":["GET"]}}],"collection":[{"href":"https:\/\/vlade.ro\/en\/wp-json\/wp\/v2\/pages"}],"about":[{"href":"https:\/\/vlade.ro\/en\/wp-json\/wp\/v2\/types\/page"}],"author":[{"embeddable":true,"href":"https:\/\/vlade.ro\/en\/wp-json\/wp\/v2\/users\/1"}],"replies":[{"embeddable":true,"href":"https:\/\/vlade.ro\/en\/wp-json\/wp\/v2\/comments?post=284"}],"version-history":[{"count":3,"href":"https:\/\/vlade.ro\/en\/wp-json\/wp\/v2\/pages\/284\/revisions"}],"predecessor-version":[{"id":1391,"href":"https:\/\/vlade.ro\/en\/wp-json\/wp\/v2\/pages\/284\/revisions\/1391"}],"wp:attachment":[{"href":"https:\/\/vlade.ro\/en\/wp-json\/wp\/v2\/media?parent=284"}],"curies":[{"name":"wp","href":"https:\/\/api.w.org\/{rel}","templated":true}]}}