{"id":1392,"date":"2023-12-09T19:13:04","date_gmt":"2023-12-09T19:13:04","guid":{"rendered":"https:\/\/vlade.ro\/?page_id=1392"},"modified":"2023-12-09T19:14:18","modified_gmt":"2023-12-09T19:14:18","slug":"termeni-si-conditii","status":"publish","type":"page","link":"https:\/\/vlade.ro\/en\/termeni-si-conditii\/","title":{"rendered":"Termeni si Conditii"},"content":{"rendered":"<div class=\"fusion-fullwidth fullwidth-box fusion-builder-row-1 fusion-flex-container has-pattern-background has-mask-background nonhundred-percent-fullwidth non-hundred-percent-height-scrolling\" style=\"--awb-border-radius-top-left:0px;--awb-border-radius-top-right:0px;--awb-border-radius-bottom-right:0px;--awb-border-radius-bottom-left:0px;--awb-flex-wrap:wrap;\" ><div class=\"fusion-builder-row fusion-row fusion-flex-align-items-flex-start fusion-flex-content-wrap\" style=\"max-width:1248px;margin-left: calc(-4% \/ 2 );margin-right: calc(-4% \/ 2 );\"><div class=\"fusion-layout-column fusion_builder_column fusion-builder-column-0 fusion_builder_column_1_1 1_1 fusion-flex-column\" style=\"--awb-bg-size:cover;--awb-width-large:100%;--awb-margin-top-large:0px;--awb-spacing-right-large:1.92%;--awb-margin-bottom-large:20px;--awb-spacing-left-large:1.92%;--awb-width-medium:100%;--awb-order-medium:0;--awb-spacing-right-medium:1.92%;--awb-spacing-left-medium:1.92%;--awb-width-small:100%;--awb-order-small:0;--awb-spacing-right-small:1.92%;--awb-spacing-left-small:1.92%;\"><div class=\"fusion-column-wrapper fusion-column-has-shadow fusion-flex-justify-content-flex-start fusion-content-layout-column\"><div class=\"fusion-text fusion-text-1\"><p>Proprietarul site-ului web \u015fi a informatilor prezente pe acest suport electronic este&nbsp;<strong>Vlade.ro,<\/strong>&nbsp;fiind intitulat furnizor.<\/p>\n<p>Prin accesarea site-ului web aflat la adresa www.vlade.ro v\u0103 califica\u0163i \u00een calitate de utilizator. Statutul de utilizator se p\u0103streaz\u0103 pe toat\u0103 durata navig\u0103rii printre paginile site-ului mai sus men\u0163ionat. \u00cen acest sens v\u0103 obliga\u0163i s\u0103 respecta\u0163i urm\u0103toarele condi\u0163ii de utilizare:<\/p>\n<ul>\n<li>Navigarea prin paginile site-ului nostru nu v\u0103 este restric\u0163ionat\u0103 sub nici o form\u0103;<\/li>\n<li>Completarea formularelor prezente pe site, nu are carcater obligatoriu, \u00eens\u0103 anumite rubrici nu pot fi l\u0103sate goale. \u00cen acest sens nu v\u0103 vom obliga s\u0103 furniza\u0163i anumite date iar dac\u0103 nu dori\u0163i trimiterea lor, utilizati un simbol de genul \u201c-\u201d pentru a completa c\u00e2mpul respectiv;<\/li>\n<li>Utilizarea imaginilor dup\u0103 desc\u0103rcarea lor, copierea anumitor secven\u0163e de text sau a altor elemente media sau fi\u015fiere este dup\u0103 cum urmeaz\u0103:\n<ol>\n<li>Liber\u0103 \u00een scopul utiliz\u0103rii personale, f\u0103r\u0103 a fi prezente \u00een publica\u0163ii de orice natur\u0103 (web site-uri, ziare, reviste, c\u0103r\u0163i, etc), tip\u0103rituri \u015fi f\u0103r\u0103 drept de a fi retransmise prin metode de copiere pe suport magnetic, re\u0163ea, prin intermediul http, ftp, etc.<\/li>\n<li>Condi\u0163iont\u0103 de acordul \u00een prealabil al&nbsp;<strong>Vlade.ro&nbsp;<\/strong>dac\u0103 informa\u0163ile vor face obiectul unor publica\u0163ii, caz \u00een care se va men\u0163iona \u015fi adresa www.vlade.ro, \u015fi un link direct c\u0103tre site-ul nostru (ultimul caz referindu-se la publica\u0163ii online). \u00cen cazul imaginilor publicate, se va adauga, \u00een interiorul pictogramei, sau l\u00e2ng\u0103, un text con\u0163inand numele firmei sau un link de forma&nbsp;<em>vlade.ro<\/em>;<\/li>\n<li>Strict interzis\u0103 \u00een scopul utiliz\u0103rii comerciale (v\u00e2nzarea imaginilor, a anumitor secven\u0163e de text copiate explicit din paginile site-ului nostru, elemente media sau alte fisiere), \u00een denigrarea numelui&nbsp;<strong>Vlade.ro<\/strong>, a obiectului de activitate, a serviciilor prestate, a clien\u0163ilor s\u0103i sau a altor forme de punere \u00een lumin\u0103 nefavorabil\u0103 persoana juridic\u0103 \u015fi\/sau leg\u0103turile sale cu ter\u0163ii;<\/li>\n<\/ol>\n<\/li>\n<li>Informa\u0163iile, imaginile, elementele media precum \u015fi alte fisiere din interiorul acestui site au scop informational fiind oferite asa cum apar.&nbsp;<strong>Vlade.ro&nbsp;<\/strong>nu este \u015fi nu va fi responsabil\u0103 pentru corectitudinea unor informa\u0163ii prezente \u015fi nu ofer\u0103 nici o garan\u0163ie asupa modului de utilizare a acestora;<\/li>\n<li>Informa\u0163iile, imaginile, elementele media precum \u015fi alte fisiere din interiorul acestui site pot fi scoase din uz \u015fi\/sau modificate f\u0103r\u0103 vreun anunt \u00een prealabil;<\/li>\n<li><strong>Vlade.ro&nbsp;<\/strong>nu va putea fi acuzat\u0103 \u00een cazul defect\u0103rii anumitor componente\/sisteme complete\/telefoane mobile sau a altor mijloace de navigare pe Internet, dac\u0103 evenimentul a avut loc \u00een momentul navig\u0103rii pe site-ul nostru, desc\u0103rc\u0103rii anumitor imagini sau elemente media, complet\u0103rii anumitor formulare. Pentru orice alt\u0103 form\u0103 de defectare sau func\u0163ionare necorespunz\u0103toare, \u00een momentul navig\u0103rii pe site sau pe un link ce conduce la un alt site, ce nu \u0163ine in mod direct \u015fi explcit de&nbsp;<strong>Vlade.ro<\/strong>, nu ne consider\u0103m responsabili sub nici o form\u0103;<\/li>\n<li>Sunte\u0163i de acord cu orice alt\u0103 m\u0103sur\u0103 legal\u0103, impus\u0103 de legisla\u0163ia rom\u00e2n\u0103;<\/li>\n<\/ul>\n<p><strong>Vlade.ro&nbsp;<\/strong>\u00ee\u015fi rezerv\u0103 dreptul de modifica prezentele termeni si condi\u0163ii de utilizare.<\/p>\n<p>&nbsp;<\/p>\n<\/div><\/div><\/div><\/div><\/div>","protected":false},"excerpt":{"rendered":"","protected":false},"author":1,"featured_media":0,"parent":0,"menu_order":0,"comment_status":"closed","ping_status":"closed","template":"","meta":{"footnotes":""},"class_list":["post-1392","page","type-page","status-publish","hentry"],"jetpack_sharing_enabled":true,"_links":{"self":[{"href":"https:\/\/vlade.ro\/en\/wp-json\/wp\/v2\/pages\/1392","targetHints":{"allow":["GET"]}}],"collection":[{"href":"https:\/\/vlade.ro\/en\/wp-json\/wp\/v2\/pages"}],"about":[{"href":"https:\/\/vlade.ro\/en\/wp-json\/wp\/v2\/types\/page"}],"author":[{"embeddable":true,"href":"https:\/\/vlade.ro\/en\/wp-json\/wp\/v2\/users\/1"}],"replies":[{"embeddable":true,"href":"https:\/\/vlade.ro\/en\/wp-json\/wp\/v2\/comments?post=1392"}],"version-history":[{"count":2,"href":"https:\/\/vlade.ro\/en\/wp-json\/wp\/v2\/pages\/1392\/revisions"}],"predecessor-version":[{"id":1394,"href":"https:\/\/vlade.ro\/en\/wp-json\/wp\/v2\/pages\/1392\/revisions\/1394"}],"wp:attachment":[{"href":"https:\/\/vlade.ro\/en\/wp-json\/wp\/v2\/media?parent=1392"}],"curies":[{"name":"wp","href":"https:\/\/api.w.org\/{rel}","templated":true}]}}